{"id":575,"date":"2024-04-05T12:43:17","date_gmt":"2024-04-05T12:43:17","guid":{"rendered":"https:\/\/sonializana.com\/quien-soy"},"modified":"2024-06-11T13:11:10","modified_gmt":"2024-06-11T13:11:10","slug":"conoceme","status":"publish","type":"page","link":"https:\/\/sonializana.com\/es\/conoceme","title":{"rendered":"Con\u00f3ceme"},"content":{"rendered":"\n<div class=\"slider-wrapper relative\" id=\"slider-729516571\" >\n    <div class=\"slider slider-nav-circle slider-nav-large slider-nav-light slider-style-normal\"\n        data-flickity-options='{\n            \"cellAlign\": \"center\",\n            \"imagesLoaded\": true,\n            \"lazyLoad\": 1,\n            \"freeScroll\": false,\n            \"wrapAround\": true,\n            \"autoPlay\": 6000,\n            \"pauseAutoPlayOnHover\" : true,\n            \"prevNextButtons\": true,\n            \"contain\" : true,\n            \"adaptiveHeight\" : true,\n            \"dragThreshold\" : 10,\n            \"percentPosition\": true,\n            \"pageDots\": true,\n            \"rightToLeft\": false,\n            \"draggable\": true,\n            \"selectedAttraction\": 0.1,\n            \"parallax\" : 0,\n            \"friction\": 0.6        }'\n        >\n        \n\n\n  <div class=\"banner has-hover has-parallax\" id=\"banner-1425596562\">\n          <div class=\"banner-inner fill\">\n        <div class=\"banner-bg fill\" data-parallax=\"-4\" data-parallax-container=\".banner\" data-parallax-background>\n            <div class=\"bg fill bg-fill \"><\/div>\n                                    \n                    <\/div>\n\t\t\n        <div class=\"banner-layers container\">\n            <div class=\"fill banner-link\"><\/div>            \n\n   <div id=\"text-box-1810005202\" class=\"text-box banner-layer x5 md-x0 lg-x0 y30 md-y50 lg-y50 res-text\">\n                                <div class=\"text-box-content text dark\">\n              \n              <div class=\"text-inner text-center\">\n                  \n\n\t<div id=\"text-3364435464\" class=\"text\">\n\t\t\n\n<h1 style=\"text-align: left;\">Con\u00f3ceme<\/h1>\n\t\t\n<style>\n#text-3364435464 {\n  text-align: left;\n  color: #f6f6f6;\n}\n#text-3364435464 > * {\n  color: #f6f6f6;\n}\n<\/style>\n\t<\/div>\n\t\n\n              <\/div>\n           <\/div>\n                            \n<style>\n#text-box-1810005202 {\n  width: 60%;\n}\n#text-box-1810005202 .text-box-content {\n  font-size: 100%;\n}\n<\/style>\n    <\/div>\n \n\n        <\/div>\n      <\/div>\n\n            \n<style>\n#banner-1425596562 {\n  padding-top: 175px;\n}\n#banner-1425596562 .bg.bg-loaded {\n  background-image: url(https:\/\/sonializana.com\/wp-content\/uploads\/2024\/05\/pexels-skyler-ewing-266953-6096350-2048x1638.jpg);\n}\n#banner-1425596562 .bg {\n  background-position: 8% 59%;\n}\n@media (min-width:550px) {\n  #banner-1425596562 {\n    padding-top: 217px;\n  }\n}\n<\/style>\n  <\/div>\n\n\n\n     <\/div>\n\n     <div class=\"loading-spin dark large centered\"><\/div>\n\n\t<\/div>\n\n\n\t<section class=\"section\" id=\"section_755180764\">\n\t\t<div class=\"bg section-bg fill bg-fill  bg-loaded\" >\n\n\t\t\t\n\t\t\t<div class=\"section-bg-overlay absolute fill\"><\/div>\n\t\t\t\n\n\t\t<\/div>\n\n\t\t\n\n\t\t<div class=\"section-content relative\">\n\t\t\t\n\n<div class=\"row row-large align-middle\"  id=\"row-1892145917\">\n\n\n\t<div id=\"col-605390561\" class=\"col medium-6 small-12 large-6\"  data-animate=\"fadeInLeft\">\n\t\t\t\t<div class=\"col-inner text-left\"  >\n\t\t\t\n\t\t\t\n\n<p>El voluntariado en el \u00e1mbito de la educci\u00f3n y el tiempo libre despert\u00f3 en mi la vocaci\u00f3n de educadora social.<\/p>\n<p>He tenido la oportunidad de ense\u00f1ar a transformar la realidad desde la educaci\u00f3n durante mucho tiempo, con absoluta dedicaci\u00f3n y pasi\u00f3n.<\/p>\n<p>Y esta tarea educativa pone de manifiesto que trabajar para conseguir un mundo mejor, en igualdad de condiciones, y atendiendo principios \u00e9ticos y sostenibles, se convierte en algo m\u00e1s que mi trabajo, es mi estilo de vida.<\/p>\n<p>Actualmente vida y trabajo van en paralelo.<\/p>\n\n\t\t<\/div>\n\t\t\t\t\t<\/div>\n\n\t\n\n\t<div id=\"col-1431439626\" class=\"col medium-6 small-12 large-6 small-col-first\"  data-animate=\"fadeInRight\">\n\t\t\t\t<div class=\"col-inner\"  >\n\t\t\t\n\t\t\t\n\n\t<div class=\"img has-hover x md-x lg-x y md-y lg-y\" id=\"image_101227107\">\n\t\t\t\t\t\t\t\t<div class=\"img-inner image-cover dark\" style=\"padding-top:90%;\">\n\t\t\t<img loading=\"lazy\" decoding=\"async\" width=\"683\" height=\"1024\" src=\"https:\/\/sonializana.com\/wp-content\/uploads\/2024\/04\/sonia_lowres_8-683x1024.jpg\" class=\"attachment-large size-large\" alt=\"\" srcset=\"https:\/\/sonializana.com\/wp-content\/uploads\/2024\/04\/sonia_lowres_8-683x1024.jpg 683w, https:\/\/sonializana.com\/wp-content\/uploads\/2024\/04\/sonia_lowres_8-200x300.jpg 200w, https:\/\/sonializana.com\/wp-content\/uploads\/2024\/04\/sonia_lowres_8-768x1152.jpg 768w, https:\/\/sonializana.com\/wp-content\/uploads\/2024\/04\/sonia_lowres_8-1024x1536.jpg 1024w, https:\/\/sonializana.com\/wp-content\/uploads\/2024\/04\/sonia_lowres_8-1365x2048.jpg 1365w, https:\/\/sonializana.com\/wp-content\/uploads\/2024\/04\/sonia_lowres_8-scaled.jpg 1707w\" sizes=\"auto, (max-width: 683px) 100vw, 683px\" \/>\t\t\t\t\t\t\n\t\t\t\t\t<\/div>\n\t\t\t\t\t\t\t\t\n<style>\n#image_101227107 {\n  width: 100%;\n}\n<\/style>\n\t<\/div>\n\t\n\n\n\t\t<\/div>\n\t\t\t\t\n<style>\n#col-1431439626 > .col-inner {\n  margin: -30px 0px 0px 0px;\n}\n@media (min-width:550px) {\n  #col-1431439626 > .col-inner {\n    margin: -150px 0px 0px 0px;\n  }\n}\n<\/style>\n\t<\/div>\n\n\t\n\n<\/div>\n\n\t\t<\/div>\n\n\t\t\n<style>\n#section_755180764 {\n  padding-top: 60px;\n  padding-bottom: 60px;\n  background-color: rgb(193, 193, 193);\n}\n#section_755180764 .section-bg-overlay {\n  background-color: rgba(255, 255, 255, 0.85);\n}\n<\/style>\n\t<\/section>\n\t\n\t<section class=\"section\" id=\"section_2068987831\">\n\t\t<div class=\"bg section-bg fill bg-fill  bg-loaded\" >\n\n\t\t\t\n\t\t\t\n\t\t\t\n\n\t\t<\/div>\n\n\t\t\n\n\t\t<div class=\"section-content relative\">\n\t\t\t\n\n<div class=\"row align-center\"  id=\"row-1811615983\">\n\n\n\t<div id=\"col-1862884748\" class=\"col medium-10 small-12 large-10\"  data-animate=\"blurIn\">\n\t\t\t\t<div class=\"col-inner text-center\"  >\n\t\t\t\n\t\t\t\n\n\t<div id=\"gap-938553604\" class=\"gap-element clearfix\" style=\"display:block; height:auto;\">\n\t\t\n<style>\n#gap-938553604 {\n  padding-top: 60px;\n}\n<\/style>\n\t<\/div>\n\t\n\n\t<div id=\"text-2907869154\" class=\"text\">\n\t\t\n\n<h2 class=\"thin-font\"><em>\u201cLa educaci\u00f3n no cambia al mundo: cambia a las personas que van a cambiar el mundo\u00bb.<\/em><\/h2>\n\t\t\n<style>\n#text-2907869154 {\n  font-size: 1.7rem;\n  line-height: 2.05;\n  color: rgb(255,255,255);\n}\n#text-2907869154 > * {\n  color: rgb(255,255,255);\n}\n<\/style>\n\t<\/div>\n\t\n\t<div id=\"text-84296974\" class=\"text\">\n\t\t\n\n<p style=\"text-align: right;\"><em><strong>Paulo Freire<\/strong><\/em><\/p>\n\t\t\n<style>\n#text-84296974 {\n  color: rgb(255,255,255);\n}\n#text-84296974 > * {\n  color: rgb(255,255,255);\n}\n<\/style>\n\t<\/div>\n\t\n\n\t\t<\/div>\n\t\t\t\t\t<\/div>\n\n\t\n\n<\/div>\n\n\t\t<\/div>\n\n\t\t\n<style>\n#section_2068987831 {\n  padding-top: 30px;\n  padding-bottom: 30px;\n  min-height: 300px;\n  background-color: rgb(85, 120, 142);\n}\n<\/style>\n\t<\/section>\n\t\n\t<div id=\"gap-1016970151\" class=\"gap-element clearfix\" style=\"display:block; height:auto;\">\n\t\t\n<style>\n#gap-1016970151 {\n  padding-top: 60px;\n}\n<\/style>\n\t<\/div>\n\t\n\n<div class=\"row align-middle\"  id=\"row-1406626375\">\n\n\n\t<div id=\"col-1532177031\" class=\"col medium-6 small-12 large-6\"  data-animate=\"fadeInLeft\">\n\t\t\t\t<div class=\"col-inner\"  >\n\t\t\t\n\t\t\t\n\n\t<div class=\"img has-hover x md-x lg-x y md-y lg-y\" id=\"image_224736539\">\n\t\t\t\t\t\t\t\t<div class=\"img-inner image-cover dark\" style=\"padding-top:75%;\">\n\t\t\t<img loading=\"lazy\" decoding=\"async\" width=\"768\" height=\"1024\" src=\"https:\/\/sonializana.com\/wp-content\/uploads\/2024\/05\/20230824_125358-768x1024.jpg\" class=\"attachment-large size-large\" alt=\"\" srcset=\"https:\/\/sonializana.com\/wp-content\/uploads\/2024\/05\/20230824_125358-768x1024.jpg 768w, https:\/\/sonializana.com\/wp-content\/uploads\/2024\/05\/20230824_125358-225x300.jpg 225w, https:\/\/sonializana.com\/wp-content\/uploads\/2024\/05\/20230824_125358-1152x1536.jpg 1152w, https:\/\/sonializana.com\/wp-content\/uploads\/2024\/05\/20230824_125358-1536x2048.jpg 1536w, https:\/\/sonializana.com\/wp-content\/uploads\/2024\/05\/20230824_125358-scaled.jpg 1920w\" sizes=\"auto, (max-width: 768px) 100vw, 768px\" \/>\t\t\t\t\t\t\n\t\t\t\t\t<\/div>\n\t\t\t\t\t\t\t\t\n<style>\n#image_224736539 {\n  width: 100%;\n}\n<\/style>\n\t<\/div>\n\t\n\n\n\t\t<\/div>\n\t\t\t\t\t<\/div>\n\n\t\n\n\t<div id=\"col-1681191752\" class=\"col medium-6 small-12 large-6\"  data-animate=\"fadeInRight\">\n\t\t\t\t<div class=\"col-inner\"  >\n\t\t\t\n\t\t\t\n\n\t<div id=\"text-2175951891\" class=\"text\">\n\t\t\n\n<h2>Misi\u00f3n :<\/h2>\n\t\t\n<style>\n#text-2175951891 {\n  font-size: 2.55rem;\n  text-align: right;\n}\n<\/style>\n\t<\/div>\n\t\n\t<div id=\"text-3630099046\" class=\"text\">\n\t\t\n\n<p>Promover un consumo responsable y \u00e9tico, fomentando la responsabilidad individual y ofreciendo oportunidades a personas de todas las edades y g\u00e9neros a trav\u00e9s de la divulgaci\u00f3n y el asesoramiento personalizado. <\/p>\n<p> <\/p>\n\t\t\n<style>\n#text-3630099046 {\n  text-align: right;\n}\n<\/style>\n\t<\/div>\n\t\n\n\t\t<\/div>\n\t\t\t\t\n<style>\n#col-1681191752 > .col-inner {\n  padding: 0px 0px 0px 10%;\n}\n<\/style>\n\t<\/div>\n\n\t\n\n<\/div>\n\t<section class=\"section\" id=\"section_693097768\">\n\t\t<div class=\"bg section-bg fill bg-fill  bg-loaded\" >\n\n\t\t\t\n\t\t\t\n\t\t\t\n\n\t\t<\/div>\n\n\t\t\n\n\t\t<div class=\"section-content relative\">\n\t\t\t\n\n<div class=\"row align-center\"  id=\"row-1020470306\">\n\n\n\t<div id=\"col-572182169\" class=\"col medium-10 small-12 large-10\"  data-animate=\"blurIn\">\n\t\t\t\t<div class=\"col-inner text-center\"  >\n\t\t\t\n\t\t\t\n\n\t<div id=\"gap-148051423\" class=\"gap-element clearfix\" style=\"display:block; height:auto;\">\n\t\t\n<style>\n#gap-148051423 {\n  padding-top: 60px;\n}\n<\/style>\n\t<\/div>\n\t\n\n\t<div id=\"text-1399454232\" class=\"text\">\n\t\t\n\n<h2 class=\"thin-font\"><em>\u201cVamos a tener un futuro donde las mujeres lideren el camino para hacer las paces con la Tierra o no vamos a tener un futuro humano en absoluto\u00bb.<\/em><\/h2>\n\t\t\n<style>\n#text-1399454232 {\n  font-size: 1.7rem;\n  line-height: 2.05;\n  color: #555555;\n}\n#text-1399454232 > * {\n  color: #555555;\n}\n<\/style>\n\t<\/div>\n\t\n\t<div id=\"text-2156750427\" class=\"text\">\n\t\t\n\n<p style=\"text-align: right;\"><strong><em>Vandana Shiva<\/em><\/strong><\/p>\n\t\t\n<style>\n#text-2156750427 {\n  color: rgb(85, 85, 85);\n}\n#text-2156750427 > * {\n  color: rgb(85, 85, 85);\n}\n<\/style>\n\t<\/div>\n\t\n\n\t\t<\/div>\n\t\t\t\t\t<\/div>\n\n\t\n\n<\/div>\n\n\t\t<\/div>\n\n\t\t\n<style>\n#section_693097768 {\n  padding-top: 30px;\n  padding-bottom: 30px;\n  min-height: 300px;\n  background-color: #fff5e5;\n}\n<\/style>\n\t<\/section>\n\t\n<div class=\"row align-middle\"  id=\"row-1904396154\">\n\n\n\t<div id=\"col-268351186\" class=\"col medium-6 small-12 large-6\"  data-animate=\"fadeInLeft\">\n\t\t\t\t<div class=\"col-inner\"  >\n\t\t\t\n\t\t\t\n\n\t<div id=\"text-922294496\" class=\"text\">\n\t\t\n\n<h2>Visi\u00f3n:<\/h2>\n\t\t\n<style>\n#text-922294496 {\n  font-size: 2.55rem;\n}\n<\/style>\n\t<\/div>\n\t\n<p>Ser un referente en consumo responsable y sostenible, promoviendo pr\u00e1cticas que respeten el medio ambiente y fomenten el bienestar humano.<\/p>\n<p>Ser motor de cambio para otras personas, conect\u00e1ndolas a un estilo de vida m\u00e1s saludable y respetuoso, convirtiendo mi marca personal en un punto de referencia para quienes desean contribuir positivamente al mundo que compartimos.<\/p>\n\n\t\t<\/div>\n\t\t\t\t\n<style>\n#col-268351186 > .col-inner {\n  padding: 0px 10% 0px 0px;\n}\n<\/style>\n\t<\/div>\n\n\t\n\n\t<div id=\"col-1537329331\" class=\"col medium-6 small-12 large-6\"  data-animate=\"fadeInRight\">\n\t\t\t\t<div class=\"col-inner\"  >\n\t\t\t\n\t\t\t\n\n\t<div class=\"img has-hover x md-x lg-x y md-y lg-y\" id=\"image_1784033032\">\n\t\t\t\t\t\t\t\t<div class=\"img-inner image-cover dark\" style=\"padding-top:75%;\">\n\t\t\t<img loading=\"lazy\" decoding=\"async\" width=\"683\" height=\"1024\" src=\"https:\/\/sonializana.com\/wp-content\/uploads\/2024\/05\/pexels-pixabay-355209-683x1024.jpg\" class=\"attachment-large size-large\" alt=\"\" srcset=\"https:\/\/sonializana.com\/wp-content\/uploads\/2024\/05\/pexels-pixabay-355209-683x1024.jpg 683w, https:\/\/sonializana.com\/wp-content\/uploads\/2024\/05\/pexels-pixabay-355209-200x300.jpg 200w, https:\/\/sonializana.com\/wp-content\/uploads\/2024\/05\/pexels-pixabay-355209-768x1152.jpg 768w, https:\/\/sonializana.com\/wp-content\/uploads\/2024\/05\/pexels-pixabay-355209-1024x1536.jpg 1024w, https:\/\/sonializana.com\/wp-content\/uploads\/2024\/05\/pexels-pixabay-355209-1365x2048.jpg 1365w, https:\/\/sonializana.com\/wp-content\/uploads\/2024\/05\/pexels-pixabay-355209-scaled.jpg 1707w\" sizes=\"auto, (max-width: 683px) 100vw, 683px\" \/>\t\t\t\t\t\t\n\t\t\t\t\t<\/div>\n\t\t\t\t\t\t\t\t\n<style>\n#image_1784033032 {\n  width: 100%;\n}\n<\/style>\n\t<\/div>\n\t\n\n\n\t\t<\/div>\n\t\t\t\t\t<\/div>\n\n\t\n\n<\/div>\n\t<section class=\"section\" id=\"section_255510144\">\n\t\t<div class=\"bg section-bg fill bg-fill  bg-loaded\" >\n\n\t\t\t\n\t\t\t\n\t\t\t\n\n\t\t<\/div>\n\n\t\t\n\n\t\t<div class=\"section-content relative\">\n\t\t\t\n\n<div class=\"row align-center\"  id=\"row-562408541\">\n\n\n\t<div id=\"col-1883499853\" class=\"col medium-10 small-12 large-10\"  data-animate=\"blurIn\">\n\t\t\t\t<div class=\"col-inner text-center\"  >\n\t\t\t\n\t\t\t\n\n\t<div id=\"gap-1163881564\" class=\"gap-element clearfix\" style=\"display:block; height:auto;\">\n\t\t\n<style>\n#gap-1163881564 {\n  padding-top: 60px;\n}\n<\/style>\n\t<\/div>\n\t\n\n\t<div id=\"text-106699325\" class=\"text\">\n\t\t\n\n<h2><em>\u00abCreer en algo y no vivir para ello es deshonesto\u00bb. <\/em><\/h2>\n\t\t\n<style>\n#text-106699325 {\n  font-size: 1.7rem;\n  line-height: 2.05;\n  color: rgb(255, 255, 255);\n}\n#text-106699325 > * {\n  color: rgb(255, 255, 255);\n}\n<\/style>\n\t<\/div>\n\t\n\t<div id=\"text-2183015448\" class=\"text\">\n\t\t\n\n<p style=\"text-align: right;\"><em>Mahatma Gandhi<\/em><\/p>\n\t\t\n<style>\n#text-2183015448 {\n  color: rgb(255,255,255);\n}\n#text-2183015448 > * {\n  color: rgb(255,255,255);\n}\n<\/style>\n\t<\/div>\n\t\n\n\t\t<\/div>\n\t\t\t\t\t<\/div>\n\n\t\n\n<\/div>\n\n\t\t<\/div>\n\n\t\t\n<style>\n#section_255510144 {\n  padding-top: 30px;\n  padding-bottom: 30px;\n  min-height: 300px;\n  background-color: #55788e;\n}\n<\/style>\n\t<\/section>\n\t\n<div class=\"row align-middle\"  id=\"row-1847644911\">\n\n\n\t<div id=\"col-832687435\" class=\"col medium-6 small-12 large-6\"  data-animate=\"fadeInLeft\">\n\t\t\t\t<div class=\"col-inner\"  >\n\t\t\t\n\t\t\t\n\n\t<div class=\"img has-hover x md-x lg-x y md-y lg-y\" id=\"image_530639908\">\n\t\t\t\t\t\t\t\t<div class=\"img-inner image-cover dark\" style=\"padding-top:75%;\">\n\t\t\t<img loading=\"lazy\" decoding=\"async\" width=\"1020\" height=\"765\" src=\"https:\/\/sonializana.com\/wp-content\/uploads\/2024\/05\/pexels-aaronburden-2535392-1024x768.jpg\" class=\"attachment-large size-large\" alt=\"\" srcset=\"https:\/\/sonializana.com\/wp-content\/uploads\/2024\/05\/pexels-aaronburden-2535392-1024x768.jpg 1024w, https:\/\/sonializana.com\/wp-content\/uploads\/2024\/05\/pexels-aaronburden-2535392-300x225.jpg 300w, https:\/\/sonializana.com\/wp-content\/uploads\/2024\/05\/pexels-aaronburden-2535392-768x576.jpg 768w, https:\/\/sonializana.com\/wp-content\/uploads\/2024\/05\/pexels-aaronburden-2535392-1536x1152.jpg 1536w, https:\/\/sonializana.com\/wp-content\/uploads\/2024\/05\/pexels-aaronburden-2535392-2048x1536.jpg 2048w\" sizes=\"auto, (max-width: 1020px) 100vw, 1020px\" \/>\t\t\t\t\t\t\n\t\t\t\t\t<\/div>\n\t\t\t\t\t\t\t\t\n<style>\n#image_530639908 {\n  width: 100%;\n}\n<\/style>\n\t<\/div>\n\t\n\n\n\t\t<\/div>\n\t\t\t\t\t<\/div>\n\n\t\n\n\t<div id=\"col-1015576347\" class=\"col medium-6 small-12 large-6\"  data-animate=\"fadeInRight\">\n\t\t\t\t<div class=\"col-inner\"  >\n\t\t\t\n\t\t\t\n\n\t<div id=\"text-2719434051\" class=\"text\">\n\t\t\n\n<h2>Valores:<\/h2>\n\t\t\n<style>\n#text-2719434051 {\n  font-size: 2.55rem;\n}\n<\/style>\n\t<\/div>\n\t\n<p>Los valores esenciales de mi negocio est\u00e1n arraigados en el principio de igualdad, en <span style=\"font-size: 14.4px;\">el respeto por el medio ambiente, en la<\/span> <span style=\"font-size: 14.4px;\">responsabilidad individual y colectiva que tenemos como ciudadanas del mundo. Y en el cuidado de<\/span><span style=\"font-size: 14.4px;\">atender y respetar nuestra salud y la del planeta, desde la racionalidad. <\/span><\/p>\n<p> <\/p>\n\n\t\t<\/div>\n\t\t\t\t\n<style>\n#col-1015576347 > .col-inner {\n  padding: 0px 0px 0px 10%;\n}\n<\/style>\n\t<\/div>\n\n\t\n\n<\/div>\n\n","protected":false},"excerpt":{"rendered":"","protected":false},"author":1,"featured_media":0,"parent":0,"menu_order":0,"comment_status":"closed","ping_status":"closed","template":"page-blank.php","meta":{"_joinchat":[],"footnotes":""},"class_list":["post-575","page","type-page","status-publish","hentry"],"yoast_head":"<!-- This site is optimized with the Yoast SEO plugin v22.8 - https:\/\/yoast.com\/wordpress\/plugins\/seo\/ -->\n<title>Con\u00f3ceme - Sonia Lizana<\/title>\n<meta name=\"robots\" content=\"index, follow, max-snippet:-1, max-image-preview:large, max-video-preview:-1\" \/>\n<link rel=\"canonical\" href=\"https:\/\/sonializana.com\/es\/conoceme\" \/>\n<meta property=\"og:locale\" content=\"es_ES\" \/>\n<meta property=\"og:type\" content=\"article\" \/>\n<meta property=\"og:title\" content=\"Con\u00f3ceme - Sonia Lizana\" \/>\n<meta property=\"og:url\" content=\"https:\/\/sonializana.com\/es\/conoceme\" \/>\n<meta property=\"og:site_name\" content=\"Sonia Lizana\" \/>\n<meta property=\"article:modified_time\" content=\"2024-06-11T13:11:10+00:00\" \/>\n<meta name=\"twitter:card\" content=\"summary_large_image\" \/>\n<meta name=\"twitter:label1\" content=\"Tiempo de lectura\" \/>\n\t<meta name=\"twitter:data1\" content=\"3 minutos\" \/>\n<script type=\"application\/ld+json\" class=\"yoast-schema-graph\">{\"@context\":\"https:\/\/schema.org\",\"@graph\":[{\"@type\":\"WebPage\",\"@id\":\"https:\/\/sonializana.com\/es\/conoceme\",\"url\":\"https:\/\/sonializana.com\/es\/conoceme\",\"name\":\"Con\u00f3ceme - Sonia Lizana\",\"isPartOf\":{\"@id\":\"https:\/\/sonializana.com\/#website\"},\"datePublished\":\"2024-04-05T12:43:17+00:00\",\"dateModified\":\"2024-06-11T13:11:10+00:00\",\"breadcrumb\":{\"@id\":\"https:\/\/sonializana.com\/es\/conoceme#breadcrumb\"},\"inLanguage\":\"es\",\"potentialAction\":[{\"@type\":\"ReadAction\",\"target\":[\"https:\/\/sonializana.com\/es\/conoceme\"]}]},{\"@type\":\"BreadcrumbList\",\"@id\":\"https:\/\/sonializana.com\/es\/conoceme#breadcrumb\",\"itemListElement\":[{\"@type\":\"ListItem\",\"position\":1,\"name\":\"Portada\",\"item\":\"https:\/\/sonializana.com\/es\"},{\"@type\":\"ListItem\",\"position\":2,\"name\":\"Con\u00f3ceme\"}]},{\"@type\":\"WebSite\",\"@id\":\"https:\/\/sonializana.com\/#website\",\"url\":\"https:\/\/sonializana.com\/\",\"name\":\"Sonia Lizana\",\"description\":\"\",\"potentialAction\":[{\"@type\":\"SearchAction\",\"target\":{\"@type\":\"EntryPoint\",\"urlTemplate\":\"https:\/\/sonializana.com\/?s={search_term_string}\"},\"query-input\":\"required name=search_term_string\"}],\"inLanguage\":\"es\"}]}<\/script>\n<!-- \/ Yoast SEO plugin. -->","yoast_head_json":{"title":"Con\u00f3ceme - Sonia Lizana","robots":{"index":"index","follow":"follow","max-snippet":"max-snippet:-1","max-image-preview":"max-image-preview:large","max-video-preview":"max-video-preview:-1"},"canonical":"https:\/\/sonializana.com\/es\/conoceme","og_locale":"es_ES","og_type":"article","og_title":"Con\u00f3ceme - Sonia Lizana","og_url":"https:\/\/sonializana.com\/es\/conoceme","og_site_name":"Sonia Lizana","article_modified_time":"2024-06-11T13:11:10+00:00","twitter_card":"summary_large_image","twitter_misc":{"Tiempo de lectura":"3 minutos"},"schema":{"@context":"https:\/\/schema.org","@graph":[{"@type":"WebPage","@id":"https:\/\/sonializana.com\/es\/conoceme","url":"https:\/\/sonializana.com\/es\/conoceme","name":"Con\u00f3ceme - Sonia Lizana","isPartOf":{"@id":"https:\/\/sonializana.com\/#website"},"datePublished":"2024-04-05T12:43:17+00:00","dateModified":"2024-06-11T13:11:10+00:00","breadcrumb":{"@id":"https:\/\/sonializana.com\/es\/conoceme#breadcrumb"},"inLanguage":"es","potentialAction":[{"@type":"ReadAction","target":["https:\/\/sonializana.com\/es\/conoceme"]}]},{"@type":"BreadcrumbList","@id":"https:\/\/sonializana.com\/es\/conoceme#breadcrumb","itemListElement":[{"@type":"ListItem","position":1,"name":"Portada","item":"https:\/\/sonializana.com\/es"},{"@type":"ListItem","position":2,"name":"Con\u00f3ceme"}]},{"@type":"WebSite","@id":"https:\/\/sonializana.com\/#website","url":"https:\/\/sonializana.com\/","name":"Sonia Lizana","description":"","potentialAction":[{"@type":"SearchAction","target":{"@type":"EntryPoint","urlTemplate":"https:\/\/sonializana.com\/?s={search_term_string}"},"query-input":"required name=search_term_string"}],"inLanguage":"es"}]}},"_links":{"self":[{"href":"https:\/\/sonializana.com\/es\/wp-json\/wp\/v2\/pages\/575","targetHints":{"allow":["GET"]}}],"collection":[{"href":"https:\/\/sonializana.com\/es\/wp-json\/wp\/v2\/pages"}],"about":[{"href":"https:\/\/sonializana.com\/es\/wp-json\/wp\/v2\/types\/page"}],"author":[{"embeddable":true,"href":"https:\/\/sonializana.com\/es\/wp-json\/wp\/v2\/users\/1"}],"replies":[{"embeddable":true,"href":"https:\/\/sonializana.com\/es\/wp-json\/wp\/v2\/comments?post=575"}],"version-history":[{"count":23,"href":"https:\/\/sonializana.com\/es\/wp-json\/wp\/v2\/pages\/575\/revisions"}],"predecessor-version":[{"id":777,"href":"https:\/\/sonializana.com\/es\/wp-json\/wp\/v2\/pages\/575\/revisions\/777"}],"wp:attachment":[{"href":"https:\/\/sonializana.com\/es\/wp-json\/wp\/v2\/media?parent=575"}],"curies":[{"name":"wp","href":"https:\/\/api.w.org\/{rel}","templated":true}]}}