{"id":594,"date":"2024-04-05T12:44:07","date_gmt":"2024-04-05T12:44:07","guid":{"rendered":"https:\/\/sonializana.com\/liderazgo-para-el-cambio"},"modified":"2024-06-11T13:35:21","modified_gmt":"2024-06-11T13:35:21","slug":"liderazgo-para-el-cambio","status":"publish","type":"page","link":"https:\/\/sonializana.com\/es\/liderazgo-para-el-cambio","title":{"rendered":"Liderazgo para el cambio"},"content":{"rendered":"\n<div class=\"slider-wrapper relative\" id=\"slider-1245188239\" >\n    <div class=\"slider slider-nav-circle slider-nav-large slider-nav-light slider-style-normal\"\n        data-flickity-options='{\n            \"cellAlign\": \"center\",\n            \"imagesLoaded\": true,\n            \"lazyLoad\": 1,\n            \"freeScroll\": false,\n            \"wrapAround\": true,\n            \"autoPlay\": 6000,\n            \"pauseAutoPlayOnHover\" : true,\n            \"prevNextButtons\": true,\n            \"contain\" : true,\n            \"adaptiveHeight\" : true,\n            \"dragThreshold\" : 10,\n            \"percentPosition\": true,\n            \"pageDots\": true,\n            \"rightToLeft\": false,\n            \"draggable\": true,\n            \"selectedAttraction\": 0.1,\n            \"parallax\" : 0,\n            \"friction\": 0.6        }'\n        >\n        \n\n\n  <div class=\"banner has-hover\" id=\"banner-1868167228\">\n          <div class=\"banner-inner fill\">\n        <div class=\"banner-bg fill\" >\n            <div class=\"bg fill bg-fill \"><\/div>\n                        <div class=\"overlay\"><\/div>            \n                    <\/div>\n\t\t\n        <div class=\"banner-layers container\">\n            <div class=\"fill banner-link\"><\/div>            \n\n\t<div class=\"img has-hover x0 md-x0 lg-x0 y0 md-y0 lg-y0\" id=\"image_802419200\">\n\t\t\t\t\t\t\t\t<div class=\"img-inner dark\" style=\"margin:-15px 0px 0px 0px;\">\n\t\t\t<img loading=\"lazy\" decoding=\"async\" width=\"1020\" height=\"1020\" src=\"https:\/\/sonializana.com\/wp-content\/uploads\/2024\/04\/papallona-blau-1024x1024.png\" class=\"attachment-large size-large\" alt=\"\" srcset=\"https:\/\/sonializana.com\/wp-content\/uploads\/2024\/04\/papallona-blau-1024x1024.png 1024w, https:\/\/sonializana.com\/wp-content\/uploads\/2024\/04\/papallona-blau-300x300.png 300w, https:\/\/sonializana.com\/wp-content\/uploads\/2024\/04\/papallona-blau-150x150.png 150w, https:\/\/sonializana.com\/wp-content\/uploads\/2024\/04\/papallona-blau-768x768.png 768w, https:\/\/sonializana.com\/wp-content\/uploads\/2024\/04\/papallona-blau-1536x1536.png 1536w, https:\/\/sonializana.com\/wp-content\/uploads\/2024\/04\/papallona-blau-2048x2048.png 2048w\" sizes=\"auto, (max-width: 1020px) 100vw, 1020px\" \/>\t\t\t\t\t\t\n\t\t\t\t\t<\/div>\n\t\t\t\t\t\t\t\t\n<style>\n#image_802419200 {\n  width: 100%;\n}\n@media (min-width:550px) {\n  #image_802419200 {\n    width: 46%;\n  }\n}\n<\/style>\n\t<\/div>\n\t\n\n   <div id=\"text-box-101537870\" class=\"text-box banner-layer x50 md-x100 lg-x100 y50 md-y50 lg-y50 res-text\">\n                                <div class=\"text-box-content text dark\">\n              \n              <div class=\"text-inner text-right\">\n                  \n\n\t<div id=\"text-2880439683\" class=\"text\">\n\t\t\n\n<h3>Liderazgo para el cambio<\/h3>\n<h1>S\u00e9 Gaia<\/h1>\n\t\t\n<style>\n#text-2880439683 {\n  text-align: right;\n  color: #f5f5f5;\n}\n#text-2880439683 > * {\n  color: #f5f5f5;\n}\n<\/style>\n\t<\/div>\n\t\n<a href=\"https:\/\/sonializana.com\/es\/contacto\" class=\"button white is-outline is-small\"  style=\"border-radius:10px;\">\n    <span>Contacta<\/span>\n  <\/a>\n\n\n\n              <\/div>\n           <\/div>\n                            \n<style>\n#text-box-101537870 {\n  width: 86%;\n}\n#text-box-101537870 .text-box-content {\n  font-size: 132%;\n}\n@media (min-width:550px) {\n  #text-box-101537870 {\n    width: 60%;\n  }\n}\n<\/style>\n    <\/div>\n \n\n        <\/div>\n      <\/div>\n\n            \n<style>\n#banner-1868167228 {\n  padding-top: 320px;\n  background-color: #6c8ea2;\n}\n#banner-1868167228 .overlay {\n  background-color: rgba(107, 142, 163, 0);\n}\n@media (min-width:550px) {\n  #banner-1868167228 {\n    padding-top: 460px;\n  }\n  #banner-1868167228 .overlay {\n    background-color: rgba(107,142,163,0.15);\n  }\n}\n<\/style>\n  <\/div>\n\n\n\n     <\/div>\n\n     <div class=\"loading-spin dark large centered\"><\/div>\n\n\t<\/div>\n\n\n\t<section class=\"section\" id=\"section_2040227773\">\n\t\t<div class=\"bg section-bg fill bg-fill  bg-loaded\" >\n\n\t\t\t\n\t\t\t\n\t\t\t\n\t<div class=\"is-border\"\n\t\tstyle=\"border-color:rgb(235, 235, 235);border-width:1px 0px 0px 0px;\">\n\t<\/div>\n\n\t\t<\/div>\n\n\t\t\n\n\t\t<div class=\"section-content relative\">\n\t\t\t\n\n<div class=\"row align-middle\"  id=\"row-1105187094\">\n\n\n\t<div id=\"col-636875055\" class=\"col medium-6 small-12 large-6\"  data-animate=\"fadeInLeft\">\n\t\t\t\t<div class=\"col-inner\"  >\n\t\t\t\n\t\t\t\n\n\t<div id=\"text-2765291403\" class=\"text\">\n\t\t\n\n<h2> S\u00e9 Gaia<\/h2>\n\t\t\n<style>\n#text-2765291403 {\n  font-size: 1.7rem;\n  line-height: 1.75;\n}\n<\/style>\n\t<\/div>\n\t\n\t<div id=\"text-2722079171\" class=\"text\">\n\t\t\n\n<p>\u00bfTe has sentido en alg\u00fan momento en un lugar en el cual no quer\u00edas estar?<\/p>\n<p>\u00bfTe has comprometido y dejado toda tu energ\u00eda en un trabajo que, con frecuencia, te ha desgastado emocionalmente y ni siquiera econ\u00f3micamente te lo han valorado?<\/p>\n\t\t\n<style>\n#text-2722079171 {\n  font-size: 1.2rem;\n}\n<\/style>\n\t<\/div>\n\t\n\t<div id=\"text-1400222127\" class=\"text\">\n\t\t\n\n<h4 class=\"alt-font\"><em><strong>Pues Yo S\u00cd<\/strong><\/em><\/h4>\n\t\t\n<style>\n#text-1400222127 {\n  font-size: 2.75rem;\n  text-align: left;\n}\n<\/style>\n\t<\/div>\n\t\n\n\t\t<\/div>\n\t\t\t\t\t<\/div>\n\n\t\n\n\t<div id=\"col-1894108289\" class=\"col medium-5 small-12 large-5\"  data-animate=\"flipInX\">\n\t\t\t\t<div class=\"col-inner text-center\"  >\n\t\t\t\n\t\t\t\n\n\t<div class=\"img has-hover x md-x lg-x y md-y lg-y\" id=\"image_967822785\">\n\t\t\t\t\t\t\t\t<div class=\"img-inner dark\" >\n\t\t\t<img loading=\"lazy\" decoding=\"async\" width=\"1020\" height=\"1020\" src=\"https:\/\/sonializana.com\/wp-content\/uploads\/2024\/05\/papallona1-1024x1024.png\" class=\"attachment-large size-large\" alt=\"\" srcset=\"https:\/\/sonializana.com\/wp-content\/uploads\/2024\/05\/papallona1-1024x1024.png 1024w, https:\/\/sonializana.com\/wp-content\/uploads\/2024\/05\/papallona1-300x300.png 300w, https:\/\/sonializana.com\/wp-content\/uploads\/2024\/05\/papallona1-150x150.png 150w, https:\/\/sonializana.com\/wp-content\/uploads\/2024\/05\/papallona1-768x768.png 768w, https:\/\/sonializana.com\/wp-content\/uploads\/2024\/05\/papallona1-1536x1536.png 1536w, https:\/\/sonializana.com\/wp-content\/uploads\/2024\/05\/papallona1-2048x2048.png 2048w\" sizes=\"auto, (max-width: 1020px) 100vw, 1020px\" \/>\t\t\t\t\t\t\n\t\t\t\t\t<\/div>\n\t\t\t\t\t\t\t\t\n<style>\n#image_967822785 {\n  width: 81%;\n}\n@media (min-width:550px) {\n  #image_967822785 {\n    width: 100%;\n  }\n}\n<\/style>\n\t<\/div>\n\t\n\n\n\t\t<\/div>\n\t\t\t\t\n<style>\n#col-1894108289 > .col-inner {\n  padding: 0px 0px 0px 0px;\n}\n@media (min-width:550px) {\n  #col-1894108289 > .col-inner {\n    padding: 0px 0px 0px 10%;\n  }\n}\n<\/style>\n\t<\/div>\n\n\t\n\n<\/div>\n\n\t\t<\/div>\n\n\t\t\n<style>\n#section_2040227773 {\n  padding-top: 60px;\n  padding-bottom: 60px;\n  min-height: 300px;\n  background-color: rgb(245, 245, 245);\n}\n<\/style>\n\t<\/section>\n\t\n<div class=\"row align-middle\"  id=\"row-1040883231\">\n\n\n\t<div id=\"col-1814165368\" class=\"col medium-6 small-12 large-6\"  data-animate=\"flipInX\">\n\t\t\t\t<div class=\"col-inner text-center\"  >\n\t\t\t\n\t\t\t\n\n\t<div class=\"img has-hover x md-x lg-x y md-y lg-y\" id=\"image_1427796374\">\n\t\t\t\t\t\t\t\t<div class=\"img-inner dark\" >\n\t\t\t<img loading=\"lazy\" decoding=\"async\" width=\"1020\" height=\"1020\" src=\"https:\/\/sonializana.com\/wp-content\/uploads\/2024\/04\/papallona3-1024x1024.png\" class=\"attachment-large size-large\" alt=\"\" srcset=\"https:\/\/sonializana.com\/wp-content\/uploads\/2024\/04\/papallona3-1024x1024.png 1024w, https:\/\/sonializana.com\/wp-content\/uploads\/2024\/04\/papallona3-300x300.png 300w, https:\/\/sonializana.com\/wp-content\/uploads\/2024\/04\/papallona3-150x150.png 150w, https:\/\/sonializana.com\/wp-content\/uploads\/2024\/04\/papallona3-768x768.png 768w, https:\/\/sonializana.com\/wp-content\/uploads\/2024\/04\/papallona3-1536x1536.png 1536w, https:\/\/sonializana.com\/wp-content\/uploads\/2024\/04\/papallona3-2048x2048.png 2048w\" sizes=\"auto, (max-width: 1020px) 100vw, 1020px\" \/>\t\t\t\t\t\t\n\t\t\t\t\t<\/div>\n\t\t\t\t\t\t\t\t\n<style>\n#image_1427796374 {\n  width: 70%;\n}\n@media (min-width:550px) {\n  #image_1427796374 {\n    width: 100%;\n  }\n}\n<\/style>\n\t<\/div>\n\t\n\n\n\t\t<\/div>\n\t\t\t\t\n<style>\n#col-1814165368 > .col-inner {\n  padding: 0px 0px 0px 0px;\n}\n@media (min-width:550px) {\n  #col-1814165368 > .col-inner {\n    padding: 0px 10% 0px 10%;\n  }\n}\n<\/style>\n\t<\/div>\n\n\t\n\n\t<div id=\"col-862814147\" class=\"col medium-6 small-12 large-6 small-col-first\"  data-animate=\"fadeInRight\">\n\t\t\t\t<div class=\"col-inner\"  >\n\t\t\t\n\t\t\t\n\n<p><span style=\"font-size: 115%;\">Y llegas a la madurez biol\u00f3gica y profesional anhelando aquello que te haga feliz, te inspire y, a la vez, sea fuente de felicidad para otras personas. Y lo encuentras y empiezas a:<\/span><\/p>\n\t<div id=\"text-2069817595\" class=\"text\">\n\t\t\n\n<ul>\n<li>Vencer los miedos.<\/li>\n<li>Desterrar los no.<\/li>\n<li>Pensar en grande.<\/li>\n<li>Cuidar de ti.<\/li>\n<li>Emprender de nuevo con otra mirada.<\/li>\n<li>Capitanear tu negocio.<\/li>\n<li>Acompa\u00f1ar un equipo.<\/li>\n<li>Ser libre.<\/li>\n<\/ul>\n\t\t\n<style>\n#text-2069817595 {\n  font-size: 1.25rem;\n}\n<\/style>\n\t<\/div>\n\t\n\n\t\t<\/div>\n\t\t\t\t\t<\/div>\n\n\t\n\n<\/div>\n\t<section class=\"section\" id=\"section_908318023\">\n\t\t<div class=\"bg section-bg fill bg-fill  bg-loaded\" >\n\n\t\t\t\n\t\t\t\n\t\t\t\n\t<div class=\"is-border\"\n\t\tstyle=\"border-color:rgb(235, 235, 235);border-width:1px 0px 0px 0px;\">\n\t<\/div>\n\n\t\t<\/div>\n\n\t\t\n\n\t\t<div class=\"section-content relative\">\n\t\t\t\n\n<div class=\"row align-middle\"  id=\"row-1197877454\">\n\n\n\t<div id=\"col-1814281141\" class=\"col medium-6 small-12 large-6\"  data-animate=\"fadeInLeft\">\n\t\t\t\t<div class=\"col-inner\"  >\n\t\t\t\n\t\t\t\n\n\t<div id=\"text-3720821034\" class=\"text\">\n\t\t\n\n<h2>Creando Oportunidades<\/h2>\n\t\t\n<style>\n#text-3720821034 {\n  font-size: 1.7rem;\n  line-height: 1.75;\n}\n<\/style>\n\t<\/div>\n\t\n\t<div id=\"text-358263721\" class=\"text\">\n\t\t\n\n<p>Siendo parte activa de este equipo conocer\u00e1s un modelo de negocio con una larga trayectoria, porque se inicia en los a\u00f1os cuarenta del siglo pasado, el network marketing. Que te permitir\u00e1 liderar, crecer y construir tu propio negocio, creando a la vez tu equipo y expandiendo un estilo de vida.<\/p>\n\t\t\n<style>\n#text-358263721 {\n  font-size: 1.2rem;\n}\n<\/style>\n\t<\/div>\n\t\n\n\t\t<\/div>\n\t\t\t\t\t<\/div>\n\n\t\n\n\t<div id=\"col-507334428\" class=\"col medium-5 small-12 large-5\"  data-animate=\"flipInX\">\n\t\t\t\t<div class=\"col-inner\"  >\n\t\t\t\n\t\t\t\n\n\t<div class=\"img has-hover x md-x lg-x y md-y lg-y\" id=\"image_1264549658\">\n\t\t\t\t\t\t\t\t<div class=\"img-inner dark\" >\n\t\t\t<img loading=\"lazy\" decoding=\"async\" width=\"1020\" height=\"1020\" src=\"https:\/\/sonializana.com\/wp-content\/uploads\/2024\/04\/papallona4-1024x1024.png\" class=\"attachment-large size-large\" alt=\"\" srcset=\"https:\/\/sonializana.com\/wp-content\/uploads\/2024\/04\/papallona4-1024x1024.png 1024w, https:\/\/sonializana.com\/wp-content\/uploads\/2024\/04\/papallona4-300x300.png 300w, https:\/\/sonializana.com\/wp-content\/uploads\/2024\/04\/papallona4-150x150.png 150w, https:\/\/sonializana.com\/wp-content\/uploads\/2024\/04\/papallona4-768x768.png 768w, https:\/\/sonializana.com\/wp-content\/uploads\/2024\/04\/papallona4-1536x1536.png 1536w, https:\/\/sonializana.com\/wp-content\/uploads\/2024\/04\/papallona4-2048x2048.png 2048w\" sizes=\"auto, (max-width: 1020px) 100vw, 1020px\" \/>\t\t\t\t\t\t\n\t\t\t\t\t<\/div>\n\t\t\t\t\t\t\t\t\n<style>\n#image_1264549658 {\n  width: 100%;\n}\n<\/style>\n\t<\/div>\n\t\n\n\n\t\t<\/div>\n\t\t\t\t\n<style>\n#col-507334428 > .col-inner {\n  padding: 0px 0px 0px 10%;\n}\n<\/style>\n\t<\/div>\n\n\t\n\n<\/div>\n\n\t\t<\/div>\n\n\t\t\n<style>\n#section_908318023 {\n  padding-top: 60px;\n  padding-bottom: 60px;\n  min-height: 300px;\n  background-color: rgb(245, 245, 245);\n}\n<\/style>\n\t<\/section>\n\t\n\t<section class=\"section\" id=\"section_1903427425\">\n\t\t<div class=\"bg section-bg fill bg-fill  bg-loaded\" >\n\n\t\t\t\n\t\t\t\n\t\t\t\n\n\t\t<\/div>\n\n\t\t\n\n\t\t<div class=\"section-content relative\">\n\t\t\t\n\n<div class=\"row align-middle\"  id=\"row-927145790\">\n\n\n\t<div id=\"col-1114492178\" class=\"col medium-6 small-12 large-6\"  data-animate=\"flipInX\">\n\t\t\t\t<div class=\"col-inner\"  >\n\t\t\t\n\t\t\t\n\n\t<div class=\"img has-hover x md-x lg-x y md-y lg-y\" id=\"image_1037174924\">\n\t\t\t\t\t\t\t\t<div class=\"img-inner dark\" >\n\t\t\t<img loading=\"lazy\" decoding=\"async\" width=\"1020\" height=\"1020\" src=\"https:\/\/sonializana.com\/wp-content\/uploads\/2024\/04\/papallona5-1024x1024.png\" class=\"attachment-large size-large\" alt=\"\" srcset=\"https:\/\/sonializana.com\/wp-content\/uploads\/2024\/04\/papallona5-1024x1024.png 1024w, https:\/\/sonializana.com\/wp-content\/uploads\/2024\/04\/papallona5-300x300.png 300w, https:\/\/sonializana.com\/wp-content\/uploads\/2024\/04\/papallona5-150x150.png 150w, https:\/\/sonializana.com\/wp-content\/uploads\/2024\/04\/papallona5-768x768.png 768w, https:\/\/sonializana.com\/wp-content\/uploads\/2024\/04\/papallona5-1536x1536.png 1536w, https:\/\/sonializana.com\/wp-content\/uploads\/2024\/04\/papallona5-2048x2048.png 2048w\" sizes=\"auto, (max-width: 1020px) 100vw, 1020px\" \/>\t\t\t\t\t\t\n\t\t\t\t\t<\/div>\n\t\t\t\t\t\t\t\t\n<style>\n#image_1037174924 {\n  width: 100%;\n}\n<\/style>\n\t<\/div>\n\t\n\n\n\t\t<\/div>\n\t\t\t\t\n<style>\n#col-1114492178 > .col-inner {\n  padding: 0px 10% 0px 10%;\n}\n<\/style>\n\t<\/div>\n\n\t\n\n\t<div id=\"col-2071892394\" class=\"col medium-6 small-12 large-6 small-col-first\"  data-animate=\"fadeInRight\">\n\t\t\t\t<div class=\"col-inner\"  >\n\t\t\t\n\t\t\t\n\n\t<div id=\"text-620231526\" class=\"text\">\n\t\t\n\n<h2>Crecimiento Personal y Profesional<\/h2>\n\t\t\n<style>\n#text-620231526 {\n  font-size: 1.7rem;\n  line-height: 2;\n}\n<\/style>\n\t<\/div>\n\t\n\t<div id=\"text-3021661865\" class=\"text\">\n\t\t\n\n<p>El network marketing no solo es un negocio, es una oportunidad de crecimiento integral. Desarrolla tus habilidades de liderazgo, establece conexiones significativas y descubre un camino que va m\u00e1s all\u00e1 del convencional. Estoy comprometida a apoyarte en cada paso de este emocionante viaje.<\/p>\n\t\t\n<style>\n#text-3021661865 {\n  font-size: 1.25rem;\n}\n<\/style>\n\t<\/div>\n\t\n\n\t\t<\/div>\n\t\t\t\t\t<\/div>\n\n\t\n\n<\/div>\n\n\t\t<\/div>\n\n\t\t\n<style>\n#section_1903427425 {\n  padding-top: 30px;\n  padding-bottom: 30px;\n}\n<\/style>\n\t<\/section>\n\t\n\t<section class=\"section\" id=\"section_211294845\">\n\t\t<div class=\"bg section-bg fill bg-fill  bg-loaded\" >\n\n\t\t\t\n\t\t\t\n\t\t\t\n\t<div class=\"is-border\"\n\t\tstyle=\"border-color:rgb(235, 235, 235);border-width:1px 0px 0px 0px;\">\n\t<\/div>\n\n\t\t<\/div>\n\n\t\t\n\n\t\t<div class=\"section-content relative\">\n\t\t\t\n\n<div class=\"row align-middle\"  id=\"row-820104850\">\n\n\n\t<div id=\"col-847129322\" class=\"col medium-6 small-12 large-6\"  data-animate=\"fadeInLeft\">\n\t\t\t\t<div class=\"col-inner\"  >\n\t\t\t\n\t\t\t\n\n\t<div id=\"text-3576128658\" class=\"text\">\n\t\t\n\n<h2>Impacta y Gana<\/h2>\n\t\t\n<style>\n#text-3576128658 {\n  font-size: 1.7rem;\n  line-height: 1.75;\n}\n<\/style>\n\t<\/div>\n\t\n\t<div id=\"text-3075980627\" class=\"text\">\n\t\t\n\n<p>Formar equipo en este modelo de negocio quiere decir contribuir al bienestar de otras personas, compartiendo nuestros valores de cuidado consciente y sostenibilidad. A la vez que se generan ingresos y se construye un legado positivo. Encuentra tu libertad financiera a trav\u00e9s del network marketing. Y s\u00e9 l\u00edder de tu propia historia construyendo un negocio que refleje tus valores y aspiraciones.<\/p>\n\t\t\n<style>\n#text-3075980627 {\n  font-size: 1.2rem;\n}\n<\/style>\n\t<\/div>\n\t\n<a href=\"https:\/\/lizana.ringana.com\/\" target=\"_blank\" class=\"button primary\" rel=\"noopener\"  >\n    <span>S\u00famate<\/span>\n  <\/a>\n\n\n\n\t\t<\/div>\n\t\t\t\t\t<\/div>\n\n\t\n\n\t<div id=\"col-2071453866\" class=\"col medium-5 small-12 large-5\"  data-animate=\"flipInX\">\n\t\t\t\t<div class=\"col-inner\"  >\n\t\t\t\n\t\t\t\n\n\t<div class=\"img has-hover x md-x lg-x y md-y lg-y\" id=\"image_1706800628\">\n\t\t\t\t\t\t\t\t<div class=\"img-inner dark\" >\n\t\t\t<img loading=\"lazy\" decoding=\"async\" width=\"1020\" height=\"1020\" src=\"https:\/\/sonializana.com\/wp-content\/uploads\/2024\/04\/papallona6-1024x1024.png\" class=\"attachment-large size-large\" alt=\"\" srcset=\"https:\/\/sonializana.com\/wp-content\/uploads\/2024\/04\/papallona6-1024x1024.png 1024w, https:\/\/sonializana.com\/wp-content\/uploads\/2024\/04\/papallona6-300x300.png 300w, https:\/\/sonializana.com\/wp-content\/uploads\/2024\/04\/papallona6-150x150.png 150w, https:\/\/sonializana.com\/wp-content\/uploads\/2024\/04\/papallona6-768x768.png 768w, https:\/\/sonializana.com\/wp-content\/uploads\/2024\/04\/papallona6-1536x1536.png 1536w, https:\/\/sonializana.com\/wp-content\/uploads\/2024\/04\/papallona6-2048x2048.png 2048w\" sizes=\"auto, (max-width: 1020px) 100vw, 1020px\" \/>\t\t\t\t\t\t\n\t\t\t\t\t<\/div>\n\t\t\t\t\t\t\t\t\n<style>\n#image_1706800628 {\n  width: 100%;\n}\n<\/style>\n\t<\/div>\n\t\n\n\n\t\t<\/div>\n\t\t\t\t\n<style>\n#col-2071453866 > .col-inner {\n  padding: 0px 0px 0px 10%;\n}\n<\/style>\n\t<\/div>\n\n\t\n\n<\/div>\n\n\t\t<\/div>\n\n\t\t\n<style>\n#section_211294845 {\n  padding-top: 60px;\n  padding-bottom: 60px;\n  min-height: 300px;\n  background-color: rgb(245, 245, 245);\n}\n<\/style>\n\t<\/section>\n\t\n\n","protected":false},"excerpt":{"rendered":"","protected":false},"author":1,"featured_media":0,"parent":0,"menu_order":0,"comment_status":"closed","ping_status":"closed","template":"page-blank.php","meta":{"_joinchat":[],"footnotes":""},"class_list":["post-594","page","type-page","status-publish","hentry"],"yoast_head":"<!-- This site is optimized with the Yoast SEO plugin v22.8 - https:\/\/yoast.com\/wordpress\/plugins\/seo\/ -->\n<title>Liderazgo para el cambio - Sonia Lizana<\/title>\n<meta name=\"robots\" content=\"index, follow, max-snippet:-1, max-image-preview:large, max-video-preview:-1\" \/>\n<link rel=\"canonical\" href=\"https:\/\/sonializana.com\/es\/liderazgo-para-el-cambio\" \/>\n<meta property=\"og:locale\" content=\"es_ES\" \/>\n<meta property=\"og:type\" content=\"article\" \/>\n<meta property=\"og:title\" content=\"Liderazgo para el cambio - Sonia Lizana\" \/>\n<meta property=\"og:url\" content=\"https:\/\/sonializana.com\/es\/liderazgo-para-el-cambio\" \/>\n<meta property=\"og:site_name\" content=\"Sonia Lizana\" \/>\n<meta property=\"article:modified_time\" content=\"2024-06-11T13:35:21+00:00\" \/>\n<meta name=\"twitter:card\" content=\"summary_large_image\" \/>\n<meta name=\"twitter:label1\" content=\"Tiempo de lectura\" \/>\n\t<meta name=\"twitter:data1\" content=\"3 minutos\" \/>\n<script type=\"application\/ld+json\" class=\"yoast-schema-graph\">{\"@context\":\"https:\/\/schema.org\",\"@graph\":[{\"@type\":\"WebPage\",\"@id\":\"https:\/\/sonializana.com\/es\/liderazgo-para-el-cambio\",\"url\":\"https:\/\/sonializana.com\/es\/liderazgo-para-el-cambio\",\"name\":\"Liderazgo para el cambio - Sonia Lizana\",\"isPartOf\":{\"@id\":\"https:\/\/sonializana.com\/#website\"},\"datePublished\":\"2024-04-05T12:44:07+00:00\",\"dateModified\":\"2024-06-11T13:35:21+00:00\",\"breadcrumb\":{\"@id\":\"https:\/\/sonializana.com\/es\/liderazgo-para-el-cambio#breadcrumb\"},\"inLanguage\":\"es\",\"potentialAction\":[{\"@type\":\"ReadAction\",\"target\":[\"https:\/\/sonializana.com\/es\/liderazgo-para-el-cambio\"]}]},{\"@type\":\"BreadcrumbList\",\"@id\":\"https:\/\/sonializana.com\/es\/liderazgo-para-el-cambio#breadcrumb\",\"itemListElement\":[{\"@type\":\"ListItem\",\"position\":1,\"name\":\"Portada\",\"item\":\"https:\/\/sonializana.com\/es\"},{\"@type\":\"ListItem\",\"position\":2,\"name\":\"Liderazgo para el cambio\"}]},{\"@type\":\"WebSite\",\"@id\":\"https:\/\/sonializana.com\/#website\",\"url\":\"https:\/\/sonializana.com\/\",\"name\":\"Sonia Lizana\",\"description\":\"\",\"potentialAction\":[{\"@type\":\"SearchAction\",\"target\":{\"@type\":\"EntryPoint\",\"urlTemplate\":\"https:\/\/sonializana.com\/?s={search_term_string}\"},\"query-input\":\"required name=search_term_string\"}],\"inLanguage\":\"es\"}]}<\/script>\n<!-- \/ Yoast SEO plugin. -->","yoast_head_json":{"title":"Liderazgo para el cambio - Sonia Lizana","robots":{"index":"index","follow":"follow","max-snippet":"max-snippet:-1","max-image-preview":"max-image-preview:large","max-video-preview":"max-video-preview:-1"},"canonical":"https:\/\/sonializana.com\/es\/liderazgo-para-el-cambio","og_locale":"es_ES","og_type":"article","og_title":"Liderazgo para el cambio - Sonia Lizana","og_url":"https:\/\/sonializana.com\/es\/liderazgo-para-el-cambio","og_site_name":"Sonia Lizana","article_modified_time":"2024-06-11T13:35:21+00:00","twitter_card":"summary_large_image","twitter_misc":{"Tiempo de lectura":"3 minutos"},"schema":{"@context":"https:\/\/schema.org","@graph":[{"@type":"WebPage","@id":"https:\/\/sonializana.com\/es\/liderazgo-para-el-cambio","url":"https:\/\/sonializana.com\/es\/liderazgo-para-el-cambio","name":"Liderazgo para el cambio - Sonia Lizana","isPartOf":{"@id":"https:\/\/sonializana.com\/#website"},"datePublished":"2024-04-05T12:44:07+00:00","dateModified":"2024-06-11T13:35:21+00:00","breadcrumb":{"@id":"https:\/\/sonializana.com\/es\/liderazgo-para-el-cambio#breadcrumb"},"inLanguage":"es","potentialAction":[{"@type":"ReadAction","target":["https:\/\/sonializana.com\/es\/liderazgo-para-el-cambio"]}]},{"@type":"BreadcrumbList","@id":"https:\/\/sonializana.com\/es\/liderazgo-para-el-cambio#breadcrumb","itemListElement":[{"@type":"ListItem","position":1,"name":"Portada","item":"https:\/\/sonializana.com\/es"},{"@type":"ListItem","position":2,"name":"Liderazgo para el cambio"}]},{"@type":"WebSite","@id":"https:\/\/sonializana.com\/#website","url":"https:\/\/sonializana.com\/","name":"Sonia Lizana","description":"","potentialAction":[{"@type":"SearchAction","target":{"@type":"EntryPoint","urlTemplate":"https:\/\/sonializana.com\/?s={search_term_string}"},"query-input":"required name=search_term_string"}],"inLanguage":"es"}]}},"_links":{"self":[{"href":"https:\/\/sonializana.com\/es\/wp-json\/wp\/v2\/pages\/594","targetHints":{"allow":["GET"]}}],"collection":[{"href":"https:\/\/sonializana.com\/es\/wp-json\/wp\/v2\/pages"}],"about":[{"href":"https:\/\/sonializana.com\/es\/wp-json\/wp\/v2\/types\/page"}],"author":[{"embeddable":true,"href":"https:\/\/sonializana.com\/es\/wp-json\/wp\/v2\/users\/1"}],"replies":[{"embeddable":true,"href":"https:\/\/sonializana.com\/es\/wp-json\/wp\/v2\/comments?post=594"}],"version-history":[{"count":9,"href":"https:\/\/sonializana.com\/es\/wp-json\/wp\/v2\/pages\/594\/revisions"}],"predecessor-version":[{"id":809,"href":"https:\/\/sonializana.com\/es\/wp-json\/wp\/v2\/pages\/594\/revisions\/809"}],"wp:attachment":[{"href":"https:\/\/sonializana.com\/es\/wp-json\/wp\/v2\/media?parent=594"}],"curies":[{"name":"wp","href":"https:\/\/api.w.org\/{rel}","templated":true}]}}