{"id":598,"date":"2024-04-05T12:43:53","date_gmt":"2024-04-05T12:43:53","guid":{"rendered":"https:\/\/sonializana.com\/estilo-de-vida-saludable"},"modified":"2024-09-20T09:03:16","modified_gmt":"2024-09-20T09:03:16","slug":"estilo-de-vida-saludable","status":"publish","type":"page","link":"https:\/\/sonializana.com\/es\/estilo-de-vida-saludable","title":{"rendered":"Estilo de vida saludable"},"content":{"rendered":"\n<div class=\"slider-wrapper relative\" id=\"slider-984526772\" >\n    <div class=\"slider slider-nav-circle slider-nav-large slider-nav-light slider-style-normal\"\n        data-flickity-options='{\n            \"cellAlign\": \"center\",\n            \"imagesLoaded\": true,\n            \"lazyLoad\": 1,\n            \"freeScroll\": false,\n            \"wrapAround\": true,\n            \"autoPlay\": 6000,\n            \"pauseAutoPlayOnHover\" : true,\n            \"prevNextButtons\": true,\n            \"contain\" : true,\n            \"adaptiveHeight\" : true,\n            \"dragThreshold\" : 10,\n            \"percentPosition\": true,\n            \"pageDots\": true,\n            \"rightToLeft\": false,\n            \"draggable\": true,\n            \"selectedAttraction\": 0.1,\n            \"parallax\" : 0,\n            \"friction\": 0.6        }'\n        >\n        \n\n\n  <div class=\"banner has-hover bg-overlay-add-50 has-parallax\" id=\"banner-1623598723\">\n          <div class=\"banner-inner fill\">\n        <div class=\"banner-bg fill\" data-parallax=\"-4\" data-parallax-container=\".banner\" data-parallax-background>\n            <div class=\"bg fill bg-fill \"><\/div>\n                        <div class=\"overlay\"><\/div>            \n                    <\/div>\n\t\t\n        <div class=\"banner-layers container\">\n            <div class=\"fill banner-link\"><\/div>            \n\n   <div id=\"text-box-1791056980\" class=\"text-box banner-layer x5 md-x5 lg-x5 y50 md-y50 lg-y50 res-text\">\n                                <div class=\"text-box-content text dark\">\n              \n              <div class=\"text-inner text-left\">\n                  \n\n<h2 style=\"text-align: left;\">Estilo de vida saludable<\/h2>\n<h4 style=\"text-align: left;\">compromiso con tu salud y la de la Tierra.<\/h4>\n<p>\u201cLo que le hacemos a la tierra nos lo hacemos a nosotras mismas\u201d (Vandana Shiva)<\/p>\n<a href=\"https:\/\/sonializana.com\/es\/contacto\" class=\"button white is-outline\"  style=\"border-radius:10px;\">\n    <span>Contacta<\/span>\n  <\/a>\n\n\n\n              <\/div>\n           <\/div>\n                            \n<style>\n#text-box-1791056980 {\n  width: 60%;\n}\n#text-box-1791056980 .text-box-content {\n  font-size: 100%;\n}\n@media (min-width:550px) {\n  #text-box-1791056980 {\n    width: 54%;\n  }\n}\n<\/style>\n    <\/div>\n \n\n        <\/div>\n      <\/div>\n\n            \n<style>\n#banner-1623598723 {\n  padding-top: 445px;\n  background-color: rgb(85, 120, 142);\n}\n#banner-1623598723 .bg.bg-loaded {\n  background-image: url(https:\/\/sonializana.com\/wp-content\/uploads\/2024\/05\/pexels-helen1-11096003-1365x2048.jpg);\n}\n#banner-1623598723 .overlay {\n  background-color: rgba(0, 0, 0, 0.31);\n}\n#banner-1623598723 .bg {\n  background-position: 2% 58%;\n}\n<\/style>\n  <\/div>\n\n\n\n     <\/div>\n\n     <div class=\"loading-spin dark large centered\"><\/div>\n\n\t<\/div>\n\n\n\t<div id=\"gap-304856686\" class=\"gap-element clearfix\" style=\"display:block; height:auto;\">\n\t\t\n<style>\n#gap-304856686 {\n  padding-top: 30px;\n}\n<\/style>\n\t<\/div>\n\t\n\n<div class=\"row align-middle\"  id=\"row-1105431775\">\n\n\n\t<div id=\"col-129396773\" class=\"col medium-6 small-12 large-6\"  data-animate=\"bounceIn\">\n\t\t\t\t<div class=\"col-inner\"  >\n\t\t\t\n\t\t\t\n\n<p>En esta p\u00e1gina encontrar\u00e1s una selecci\u00f3n cuidadosa de los productos frescos, veganos y comprometidos con la sostenibilidad que representaron para m\u00ed un cambio en la forma de cuidarme.<\/p>\n<p>Cuando los pruebes y vayas aprendiendo que sus formulaciones innovadoras, hechas con sustancias activas respetuosas con tu cuerpo, pensadas para asegurar tu bienestar y tu salud, sentir\u00e1s la confianza en una marca pionera.<\/p>\n<p>D\u00e9jame descubrirte el compromiso \u00e9tico de Ringana en los procesos sostenibles de la elaboraci\u00f3n de los productos. Y cu\u00eddate mientras cuidas la Tierra y sus recursos naturales.<\/p>\n<a href=\"https:\/\/lizana.ringana.com\/?lang=es\" target=\"_blank\" class=\"button primary\" rel=\"noopener\"  >\n    <span>Desc\u00fabrelos<\/span>\n  <\/a>\n\n\n\n\t\t<\/div>\n\t\t\t\t\t<\/div>\n\n\t\n\n\t<div id=\"col-982979359\" class=\"col medium-6 small-12 large-6\"  data-animate=\"flipInX\">\n\t\t\t\t<div class=\"col-inner text-center\"  >\n\t\t\t\n\t\t\t\n\n\t<div class=\"img has-hover x md-x lg-x y md-y lg-y\" id=\"image_1114666710\">\n\t\t\t\t\t\t\t\t<div class=\"img-inner image-cover dark\" style=\"padding-top:75%;\">\n\t\t\t<img loading=\"lazy\" decoding=\"async\" width=\"768\" height=\"529\" src=\"https:\/\/sonializana.com\/wp-content\/uploads\/2024\/05\/RINGANA_LOGO-Partner-768x529.jpg\" class=\"attachment-medium_large size-medium_large\" alt=\"\" srcset=\"https:\/\/sonializana.com\/wp-content\/uploads\/2024\/05\/RINGANA_LOGO-Partner-768x529.jpg 768w, https:\/\/sonializana.com\/wp-content\/uploads\/2024\/05\/RINGANA_LOGO-Partner-300x207.jpg 300w, https:\/\/sonializana.com\/wp-content\/uploads\/2024\/05\/RINGANA_LOGO-Partner-1024x705.jpg 1024w, https:\/\/sonializana.com\/wp-content\/uploads\/2024\/05\/RINGANA_LOGO-Partner.jpg 1181w\" sizes=\"auto, (max-width: 768px) 100vw, 768px\" \/>\t\t\t\t\t\t\n\t\t\t\t\t<\/div>\n\t\t\t\t\t\t\t\t\n<style>\n#image_1114666710 {\n  width: 68%;\n}\n<\/style>\n\t<\/div>\n\t\n\n\n\t\t<\/div>\n\t\t\t\t\t<\/div>\n\n\t\n\n<\/div>\n\t<section class=\"section dark\" id=\"section_1012710825\">\n\t\t<div class=\"bg section-bg fill bg-fill  bg-loaded\" >\n\n\t\t\t\n\t\t\t\n\t\t\t\n\n\t\t<\/div>\n\n\t\t\n\n\t\t<div class=\"section-content relative\">\n\t\t\t\n\n<div class=\"row\"  id=\"row-202929137\">\n\n\n\t<div id=\"col-1683633287\" class=\"col small-12 large-12\"  data-animate=\"blurIn\">\n\t\t\t\t<div class=\"col-inner\"  >\n\t\t\t\n\t\t\t\n\n\t<div id=\"gap-1817659865\" class=\"gap-element clearfix\" style=\"display:block; height:auto;\">\n\t\t\n<style>\n#gap-1817659865 {\n  padding-top: 30px;\n}\n<\/style>\n\t<\/div>\n\t\n\n\t<div id=\"text-1246667271\" class=\"text\">\n\t\t\n\n<h2><em>\u201c<\/em><em>Lo que haces marca la diferencia y tienes que decidir qu\u00e9 tipo de diferencia quieres marcar\u00bb.<\/em><\/h2>\n\t\t\n<style>\n#text-1246667271 {\n  font-size: 1.7rem;\n  line-height: 2.5;\n  text-align: center;\n}\n<\/style>\n\t<\/div>\n\t\n<p style=\"text-align: right;\"><em>Jane Goodall<\/em><\/p>\n\n\t\t<\/div>\n\t\t\t\t\t<\/div>\n\n\t\n\n<\/div>\n\n\t\t<\/div>\n\n\t\t\n<style>\n#section_1012710825 {\n  padding-top: 30px;\n  padding-bottom: 30px;\n  background-color: #55788e;\n}\n<\/style>\n\t<\/section>\n\t\n<div class=\"row\"  id=\"row-1874119951\">\n\n\n\t<div id=\"col-51847979\" class=\"col medium-6 small-12 large-6\"  data-animate=\"flipInX\">\n\t\t\t\t<div class=\"col-inner\"  >\n\t\t\t\n\t\t\t\n\n\t<div class=\"img has-hover x md-x lg-x y md-y lg-y\" id=\"image_692755901\">\n\t\t\t\t\t\t\t\t<div class=\"img-inner image-cover dark\" style=\"padding-top:100%;\">\n\t\t\t<img loading=\"lazy\" decoding=\"async\" width=\"2009\" height=\"2022\" src=\"https:\/\/sonializana.com\/wp-content\/uploads\/2024\/05\/pexels-linda-prebreza-87411-286951-scaled-e1716279975710.jpg\" class=\"attachment-original size-original\" alt=\"\" srcset=\"https:\/\/sonializana.com\/wp-content\/uploads\/2024\/05\/pexels-linda-prebreza-87411-286951-scaled-e1716279975710.jpg 2009w, https:\/\/sonializana.com\/wp-content\/uploads\/2024\/05\/pexels-linda-prebreza-87411-286951-scaled-e1716279975710-298x300.jpg 298w, https:\/\/sonializana.com\/wp-content\/uploads\/2024\/05\/pexels-linda-prebreza-87411-286951-scaled-e1716279975710-1017x1024.jpg 1017w, https:\/\/sonializana.com\/wp-content\/uploads\/2024\/05\/pexels-linda-prebreza-87411-286951-scaled-e1716279975710-150x150.jpg 150w, https:\/\/sonializana.com\/wp-content\/uploads\/2024\/05\/pexels-linda-prebreza-87411-286951-scaled-e1716279975710-768x773.jpg 768w, https:\/\/sonializana.com\/wp-content\/uploads\/2024\/05\/pexels-linda-prebreza-87411-286951-scaled-e1716279975710-1526x1536.jpg 1526w\" sizes=\"auto, (max-width: 2009px) 100vw, 2009px\" \/>\t\t\t\t\t\t\n\t\t\t\t\t<\/div>\n\t\t\t\t\t\t\t\t\n<style>\n#image_692755901 {\n  width: 100%;\n}\n<\/style>\n\t<\/div>\n\t\n\n\n\t\t<\/div>\n\t\t\t\t\t<\/div>\n\n\t\n\n\t<div id=\"col-1117342392\" class=\"col medium-6 small-12 large-6\"  data-animate=\"fadeInRight\">\n\t\t\t\t<div class=\"col-inner\"  >\n\t\t\t\n\t\t\t\n\n\t<div id=\"gap-1828263079\" class=\"gap-element clearfix\" style=\"display:block; height:auto;\">\n\t\t\n<style>\n#gap-1828263079 {\n  padding-top: 30px;\n}\n<\/style>\n\t<\/div>\n\t\n\n\t<div id=\"text-2802206862\" class=\"text\">\n\t\t\n\n<h2>Talleres participativos<\/h2>\n\t\t\n<style>\n#text-2802206862 {\n  font-size: 2.15rem;\n}\n<\/style>\n\t<\/div>\n\t\n<p>Yo te acompa\u00f1o y asesoro para que puedas encontrar lo que mejor se ajusta a ti, a tu piel, a tus rutinas, a tu estilo de vida. A trav\u00e9s de los talleres participativos de prueba, ad\u00e9ntrate en la experiencia sensorial que te aporta Ringana.<\/p>\n<a href=\"tel:+34639711354\" target=\"_blank\" class=\"button primary\" rel=\"noopener\"  >\n    <span>PIDE CITA<\/span>\n  <\/a>\n\n\n<a href=\"https:\/\/sonializana.com\/wp-content\/uploads\/2024\/09\/CALENDARIO-9-10-11.pdf\" target=\"_blank\" class=\"button primary\" rel=\"noopener\"  >\n    <span>PRUEBA AHORA<\/span>\n  <\/a>\n\n\n\n\t\t<\/div>\n\t\t\t\t\n<style>\n#col-1117342392 > .col-inner {\n  padding: 0px 0px 0px 10%;\n}\n<\/style>\n\t<\/div>\n\n\t\n\n<\/div>\n<div class=\"row\"  id=\"row-1350175727\">\n\n\n\t<div id=\"col-1617203458\" class=\"col medium-6 small-12 large-6\"  data-animate=\"fadeInLeft\">\n\t\t\t\t<div class=\"col-inner\"  >\n\t\t\t\n\t\t\t\n\n\t<div id=\"gap-2035420178\" class=\"gap-element clearfix\" style=\"display:block; height:auto;\">\n\t\t\n<style>\n#gap-2035420178 {\n  padding-top: 30px;\n}\n<\/style>\n\t<\/div>\n\t\n\n\t<div id=\"text-174939180\" class=\"text\">\n\t\t\n\n<h2>Somos un equipo y nos llamamos Gaia<\/h2>\n\t\t\n<style>\n#text-174939180 {\n  font-size: 2.15rem;\n}\n<\/style>\n\t<\/div>\n\t\n<p>Gaia forma parte de un equipo internacional de personas que promovemos la marca Ringana. S\u00famate y ser\u00e1s parte de este cambio de paradigma.<\/p>\n<a href=\"https:\/\/sonializana.com\/es\/liderazgo-para-el-cambio\" class=\"button primary\"  >\n    <span>s\u00famate<\/span>\n  <\/a>\n\n\n\n\t\t<\/div>\n\t\t\t\t\n<style>\n#col-1617203458 > .col-inner {\n  padding: 0px 10% 0px 0px;\n}\n<\/style>\n\t<\/div>\n\n\t\n\n\t<div id=\"col-296337238\" class=\"col medium-6 small-12 large-6\"  data-animate=\"flipInX\">\n\t\t\t\t<div class=\"col-inner\"  >\n\t\t\t\n\t\t\t\n\n\t<div class=\"img has-hover x md-x lg-x y md-y lg-y\" id=\"image_1508380206\">\n\t\t\t\t\t\t\t\t<div class=\"img-inner image-cover dark\" style=\"padding-top:100%;\">\n\t\t\t<img loading=\"lazy\" decoding=\"async\" width=\"1553\" height=\"1587\" src=\"https:\/\/sonializana.com\/wp-content\/uploads\/2024\/05\/20231115_131440-scaled-e1716280066183.jpg\" class=\"attachment-original size-original\" alt=\"\" srcset=\"https:\/\/sonializana.com\/wp-content\/uploads\/2024\/05\/20231115_131440-scaled-e1716280066183.jpg 1553w, https:\/\/sonializana.com\/wp-content\/uploads\/2024\/05\/20231115_131440-scaled-e1716280066183-294x300.jpg 294w, https:\/\/sonializana.com\/wp-content\/uploads\/2024\/05\/20231115_131440-scaled-e1716280066183-1002x1024.jpg 1002w, https:\/\/sonializana.com\/wp-content\/uploads\/2024\/05\/20231115_131440-scaled-e1716280066183-768x785.jpg 768w, https:\/\/sonializana.com\/wp-content\/uploads\/2024\/05\/20231115_131440-scaled-e1716280066183-1503x1536.jpg 1503w\" sizes=\"auto, (max-width: 1553px) 100vw, 1553px\" \/>\t\t\t\t\t\t\n\t\t\t\t\t<\/div>\n\t\t\t\t\t\t\t\t\n<style>\n#image_1508380206 {\n  width: 100%;\n}\n<\/style>\n\t<\/div>\n\t\n\n\n\t\t<\/div>\n\t\t\t\t\t<\/div>\n\n\t\n\n<\/div>\n\n","protected":false},"excerpt":{"rendered":"","protected":false},"author":1,"featured_media":0,"parent":0,"menu_order":0,"comment_status":"closed","ping_status":"closed","template":"page-blank.php","meta":{"_joinchat":[],"footnotes":""},"class_list":["post-598","page","type-page","status-publish","hentry"],"yoast_head":"<!-- This site is optimized with the Yoast SEO plugin v22.8 - https:\/\/yoast.com\/wordpress\/plugins\/seo\/ -->\n<title>Estilo de vida saludable - Sonia Lizana<\/title>\n<meta name=\"robots\" content=\"index, follow, max-snippet:-1, max-image-preview:large, max-video-preview:-1\" \/>\n<link rel=\"canonical\" href=\"https:\/\/sonializana.com\/es\/estilo-de-vida-saludable\" \/>\n<meta property=\"og:locale\" content=\"es_ES\" \/>\n<meta property=\"og:type\" content=\"article\" \/>\n<meta property=\"og:title\" content=\"Estilo de vida saludable - Sonia Lizana\" \/>\n<meta property=\"og:url\" content=\"https:\/\/sonializana.com\/es\/estilo-de-vida-saludable\" \/>\n<meta property=\"og:site_name\" content=\"Sonia Lizana\" \/>\n<meta property=\"article:modified_time\" content=\"2024-09-20T09:03:16+00:00\" \/>\n<meta name=\"twitter:card\" content=\"summary_large_image\" \/>\n<meta name=\"twitter:label1\" content=\"Tiempo de lectura\" \/>\n\t<meta name=\"twitter:data1\" content=\"2 minutos\" \/>\n<script type=\"application\/ld+json\" class=\"yoast-schema-graph\">{\"@context\":\"https:\/\/schema.org\",\"@graph\":[{\"@type\":\"WebPage\",\"@id\":\"https:\/\/sonializana.com\/es\/estilo-de-vida-saludable\",\"url\":\"https:\/\/sonializana.com\/es\/estilo-de-vida-saludable\",\"name\":\"Estilo de vida saludable - Sonia Lizana\",\"isPartOf\":{\"@id\":\"https:\/\/sonializana.com\/#website\"},\"datePublished\":\"2024-04-05T12:43:53+00:00\",\"dateModified\":\"2024-09-20T09:03:16+00:00\",\"breadcrumb\":{\"@id\":\"https:\/\/sonializana.com\/es\/estilo-de-vida-saludable#breadcrumb\"},\"inLanguage\":\"es\",\"potentialAction\":[{\"@type\":\"ReadAction\",\"target\":[\"https:\/\/sonializana.com\/es\/estilo-de-vida-saludable\"]}]},{\"@type\":\"BreadcrumbList\",\"@id\":\"https:\/\/sonializana.com\/es\/estilo-de-vida-saludable#breadcrumb\",\"itemListElement\":[{\"@type\":\"ListItem\",\"position\":1,\"name\":\"Portada\",\"item\":\"https:\/\/sonializana.com\/es\"},{\"@type\":\"ListItem\",\"position\":2,\"name\":\"Estilo de vida saludable\"}]},{\"@type\":\"WebSite\",\"@id\":\"https:\/\/sonializana.com\/#website\",\"url\":\"https:\/\/sonializana.com\/\",\"name\":\"Sonia Lizana\",\"description\":\"\",\"potentialAction\":[{\"@type\":\"SearchAction\",\"target\":{\"@type\":\"EntryPoint\",\"urlTemplate\":\"https:\/\/sonializana.com\/?s={search_term_string}\"},\"query-input\":\"required name=search_term_string\"}],\"inLanguage\":\"es\"}]}<\/script>\n<!-- \/ Yoast SEO plugin. -->","yoast_head_json":{"title":"Estilo de vida saludable - Sonia Lizana","robots":{"index":"index","follow":"follow","max-snippet":"max-snippet:-1","max-image-preview":"max-image-preview:large","max-video-preview":"max-video-preview:-1"},"canonical":"https:\/\/sonializana.com\/es\/estilo-de-vida-saludable","og_locale":"es_ES","og_type":"article","og_title":"Estilo de vida saludable - Sonia Lizana","og_url":"https:\/\/sonializana.com\/es\/estilo-de-vida-saludable","og_site_name":"Sonia Lizana","article_modified_time":"2024-09-20T09:03:16+00:00","twitter_card":"summary_large_image","twitter_misc":{"Tiempo de lectura":"2 minutos"},"schema":{"@context":"https:\/\/schema.org","@graph":[{"@type":"WebPage","@id":"https:\/\/sonializana.com\/es\/estilo-de-vida-saludable","url":"https:\/\/sonializana.com\/es\/estilo-de-vida-saludable","name":"Estilo de vida saludable - Sonia Lizana","isPartOf":{"@id":"https:\/\/sonializana.com\/#website"},"datePublished":"2024-04-05T12:43:53+00:00","dateModified":"2024-09-20T09:03:16+00:00","breadcrumb":{"@id":"https:\/\/sonializana.com\/es\/estilo-de-vida-saludable#breadcrumb"},"inLanguage":"es","potentialAction":[{"@type":"ReadAction","target":["https:\/\/sonializana.com\/es\/estilo-de-vida-saludable"]}]},{"@type":"BreadcrumbList","@id":"https:\/\/sonializana.com\/es\/estilo-de-vida-saludable#breadcrumb","itemListElement":[{"@type":"ListItem","position":1,"name":"Portada","item":"https:\/\/sonializana.com\/es"},{"@type":"ListItem","position":2,"name":"Estilo de vida saludable"}]},{"@type":"WebSite","@id":"https:\/\/sonializana.com\/#website","url":"https:\/\/sonializana.com\/","name":"Sonia Lizana","description":"","potentialAction":[{"@type":"SearchAction","target":{"@type":"EntryPoint","urlTemplate":"https:\/\/sonializana.com\/?s={search_term_string}"},"query-input":"required name=search_term_string"}],"inLanguage":"es"}]}},"_links":{"self":[{"href":"https:\/\/sonializana.com\/es\/wp-json\/wp\/v2\/pages\/598","targetHints":{"allow":["GET"]}}],"collection":[{"href":"https:\/\/sonializana.com\/es\/wp-json\/wp\/v2\/pages"}],"about":[{"href":"https:\/\/sonializana.com\/es\/wp-json\/wp\/v2\/types\/page"}],"author":[{"embeddable":true,"href":"https:\/\/sonializana.com\/es\/wp-json\/wp\/v2\/users\/1"}],"replies":[{"embeddable":true,"href":"https:\/\/sonializana.com\/es\/wp-json\/wp\/v2\/comments?post=598"}],"version-history":[{"count":43,"href":"https:\/\/sonializana.com\/es\/wp-json\/wp\/v2\/pages\/598\/revisions"}],"predecessor-version":[{"id":895,"href":"https:\/\/sonializana.com\/es\/wp-json\/wp\/v2\/pages\/598\/revisions\/895"}],"wp:attachment":[{"href":"https:\/\/sonializana.com\/es\/wp-json\/wp\/v2\/media?parent=598"}],"curies":[{"name":"wp","href":"https:\/\/api.w.org\/{rel}","templated":true}]}}