{"id":602,"date":"2024-04-05T12:44:21","date_gmt":"2024-04-05T12:44:21","guid":{"rendered":"https:\/\/sonializana.com\/educacion-para-la-salud"},"modified":"2024-06-14T15:45:12","modified_gmt":"2024-06-14T15:45:12","slug":"educacion-para-la-salud","status":"publish","type":"page","link":"https:\/\/sonializana.com\/es\/educacion-para-la-salud","title":{"rendered":"Educaci\u00f3n para la salud"},"content":{"rendered":"\n<div class=\"slider-wrapper relative\" id=\"slider-1323465003\" >\n    <div class=\"slider slider-nav-circle slider-nav-large slider-nav-light slider-style-normal\"\n        data-flickity-options='{\n            \"cellAlign\": \"center\",\n            \"imagesLoaded\": true,\n            \"lazyLoad\": 1,\n            \"freeScroll\": false,\n            \"wrapAround\": true,\n            \"autoPlay\": 6000,\n            \"pauseAutoPlayOnHover\" : true,\n            \"prevNextButtons\": true,\n            \"contain\" : true,\n            \"adaptiveHeight\" : true,\n            \"dragThreshold\" : 10,\n            \"percentPosition\": true,\n            \"pageDots\": true,\n            \"rightToLeft\": false,\n            \"draggable\": true,\n            \"selectedAttraction\": 0.1,\n            \"parallax\" : 0,\n            \"friction\": 0.6        }'\n        >\n        \n\n\n  <div class=\"banner has-hover\" id=\"banner-1067372203\">\n          <div class=\"banner-inner fill\">\n        <div class=\"banner-bg fill\" >\n            <div class=\"bg fill bg-fill \"><\/div>\n                                    \n                    <\/div>\n\t\t\n        <div class=\"banner-layers container\">\n            <div class=\"fill banner-link\"><\/div>            \n\n\t<div class=\"img has-hover x100 md-x100 lg-x100 y100 md-y100 lg-y100\" id=\"image_201206298\">\n\t\t\t\t\t\t\t\t<div class=\"img-inner dark\" >\n\t\t\t<img loading=\"lazy\" decoding=\"async\" width=\"2048\" height=\"849\" src=\"https:\/\/sonializana.com\/wp-content\/uploads\/2024\/05\/edat-2048x849.png\" class=\"attachment-2048x2048 size-2048x2048\" alt=\"\" srcset=\"https:\/\/sonializana.com\/wp-content\/uploads\/2024\/05\/edat-2048x849.png 2048w, https:\/\/sonializana.com\/wp-content\/uploads\/2024\/05\/edat-300x124.png 300w, https:\/\/sonializana.com\/wp-content\/uploads\/2024\/05\/edat-1024x425.png 1024w, https:\/\/sonializana.com\/wp-content\/uploads\/2024\/05\/edat-768x318.png 768w, https:\/\/sonializana.com\/wp-content\/uploads\/2024\/05\/edat-1536x637.png 1536w\" sizes=\"auto, (max-width: 2048px) 100vw, 2048px\" \/>\t\t\t\t\t\t\n\t\t\t\t\t<\/div>\n\t\t\t\t\t\t\t\t\n<style>\n#image_201206298 {\n  width: 100%;\n}\n@media (min-width:550px) {\n  #image_201206298 {\n    width: 73%;\n  }\n}\n<\/style>\n\t<\/div>\n\t\n\n   <div id=\"text-box-216009342\" class=\"text-box banner-layer x50 md-x5 lg-x5 y15 md-y10 lg-y10 res-text\">\n                                <div class=\"text-box-content text dark\">\n              \n              <div class=\"text-inner text-center\">\n                  \n\n\t<div id=\"text-465493882\" class=\"text\">\n\t\t\n\n<h1 style=\"text-align: left;\">Educaci\u00f3n para la salud<\/h1>\n<p style=\"text-align: left;\">\u00abPor un mundo donde seamos socialmente iguales, humanamente diferentes y totalmente libres\u00bb.<\/p>\n<p style=\"text-align: left;\">(Rosa Luxemburg)<\/p>\n\t\t\n<style>\n#text-465493882 {\n  color: #fbfcfd;\n}\n#text-465493882 > * {\n  color: #fbfcfd;\n}\n<\/style>\n\t<\/div>\n\t\n\n              <\/div>\n           <\/div>\n                            \n<style>\n#text-box-216009342 {\n  width: 92%;\n}\n#text-box-216009342 .text-box-content {\n  font-size: 100%;\n}\n@media (min-width:550px) {\n  #text-box-216009342 {\n    width: 84%;\n  }\n}\n<\/style>\n    <\/div>\n \n\n        <\/div>\n      <\/div>\n\n            \n<style>\n#banner-1067372203 {\n  padding-top: 332px;\n}\n@media (min-width:550px) {\n  #banner-1067372203 {\n    padding-top: 428px;\n  }\n}\n<\/style>\n  <\/div>\n\n\n\n     <\/div>\n\n     <div class=\"loading-spin dark large centered\"><\/div>\n\n\t<\/div>\n\n\n\t<section class=\"section\" id=\"section_1494736786\">\n\t\t<div class=\"bg section-bg fill bg-fill  bg-loaded\" >\n\n\t\t\t\n\t\t\t\n\t\t\t\n\t<div class=\"is-border\"\n\t\tstyle=\"border-color:rgb(235, 235, 235);border-width:1px 0px 0px 0px;\">\n\t<\/div>\n\n\t\t<\/div>\n\n\t\t\n\n\t\t<div class=\"section-content relative\">\n\t\t\t\n\n<div class=\"row row-large align-middle align-center\"  id=\"row-1808183121\">\n\n\n\t<div id=\"col-1633987918\" class=\"col medium-6 small-12 large-6\"  data-animate=\"blurIn\">\n\t\t\t\t<div class=\"col-inner text-left\"  >\n\t\t\t\n\t\t\t\n\n\t<div id=\"text-3434432054\" class=\"text\">\n\t\t\n\n<p>Los talleres sobre la importancia de consumir conscientemente y aprender a identificar lo que nos beneficia en t\u00e9rminos de salud, pueden ser muy educativos y \u00fatiles para el desarrollo de h\u00e1bitos de vida saludables.<\/p>\n<p>Mi propuesta contempla temas como:<\/p>\n<ul>\n<li>La salud ambiental.<\/li>\n<li>El poder de la comida saludable.<\/li>\n<li>Los productos de limpieza seguros.<\/li>\n<li>La higiene personal saludable.<\/li>\n<li>El uso y abuso de las pantallas.<\/li>\n<li>La reconexi\u00f3n con la naturaleza.<\/li>\n<\/ul>\n<p>Y estos temas se plantean haciendo actividades pr\u00e1cticas y demostraciones, generando cuestiones, debates y muchas reflexiones que aporten a las personas que participan recursos donde encontrar m\u00e1s informaci\u00f3n y despertar su esp\u00edritu cr\u00edtico y, quiz\u00e1s, hacer cambios de h\u00e1bitos de vida saludables y sostenibles.<\/p>\n\t\t\n<style>\n#text-3434432054 {\n  text-align: left;\n}\n<\/style>\n\t<\/div>\n\t\n<a href=\"tel:+34639711354\" target=\"_blank\" class=\"button primary\" rel=\"noopener\"  >\n    <span>Hablemos<\/span>\n  <\/a>\n\n\n\n\t\t<\/div>\n\t\t\t\t\t<\/div>\n\n\t\n\n\t<div id=\"col-635301295\" class=\"col medium-5 small-12 large-5\"  data-animate=\"flipInY\">\n\t\t\t\t<div class=\"col-inner text-center\"  >\n\t\t\t\n\t\t\t\n\n\t<div class=\"img has-hover x md-x lg-x y md-y lg-y\" id=\"image_944513211\">\n\t\t\t\t\t\t\t\t<div class=\"img-inner dark\" >\n\t\t\t<img loading=\"lazy\" decoding=\"async\" width=\"629\" height=\"1024\" src=\"https:\/\/sonializana.com\/wp-content\/uploads\/2024\/05\/20231203_133228-scaled-e1716281687991-629x1024.jpg\" class=\"attachment-large size-large\" alt=\"\" srcset=\"https:\/\/sonializana.com\/wp-content\/uploads\/2024\/05\/20231203_133228-scaled-e1716281687991-629x1024.jpg 629w, https:\/\/sonializana.com\/wp-content\/uploads\/2024\/05\/20231203_133228-scaled-e1716281687991-184x300.jpg 184w, https:\/\/sonializana.com\/wp-content\/uploads\/2024\/05\/20231203_133228-scaled-e1716281687991-768x1251.jpg 768w, https:\/\/sonializana.com\/wp-content\/uploads\/2024\/05\/20231203_133228-scaled-e1716281687991-943x1536.jpg 943w, https:\/\/sonializana.com\/wp-content\/uploads\/2024\/05\/20231203_133228-scaled-e1716281687991.jpg 1181w\" sizes=\"auto, (max-width: 629px) 100vw, 629px\" \/>\t\t\t\t\t\t\n\t\t\t\t\t<\/div>\n\t\t\t\t\t\t\t\t\n<style>\n#image_944513211 {\n  width: 85%;\n}\n<\/style>\n\t<\/div>\n\t\n\n\n\t\t<\/div>\n\t\t\t\t\t<\/div>\n\n\t\n\n<\/div>\n\n\t\t<\/div>\n\n\t\t\n<style>\n#section_1494736786 {\n  padding-top: 59px;\n  padding-bottom: 59px;\n  min-height: 300px;\n  background-color: rgb(255, 255, 255);\n}\n<\/style>\n\t<\/section>\n\t\n\n","protected":false},"excerpt":{"rendered":"","protected":false},"author":1,"featured_media":0,"parent":0,"menu_order":0,"comment_status":"closed","ping_status":"closed","template":"page-blank.php","meta":{"_joinchat":[],"footnotes":""},"class_list":["post-602","page","type-page","status-publish","hentry"],"yoast_head":"<!-- This site is optimized with the Yoast SEO plugin v22.8 - https:\/\/yoast.com\/wordpress\/plugins\/seo\/ -->\n<title>Educaci\u00f3n para la salud - Sonia Lizana<\/title>\n<meta name=\"robots\" content=\"index, follow, max-snippet:-1, max-image-preview:large, max-video-preview:-1\" \/>\n<link rel=\"canonical\" href=\"https:\/\/sonializana.com\/es\/educacion-para-la-salud\" \/>\n<meta property=\"og:locale\" content=\"es_ES\" \/>\n<meta property=\"og:type\" content=\"article\" \/>\n<meta property=\"og:title\" content=\"Educaci\u00f3n para la salud - Sonia Lizana\" \/>\n<meta property=\"og:url\" content=\"https:\/\/sonializana.com\/es\/educacion-para-la-salud\" \/>\n<meta property=\"og:site_name\" content=\"Sonia Lizana\" \/>\n<meta property=\"article:modified_time\" content=\"2024-06-14T15:45:12+00:00\" \/>\n<meta name=\"twitter:card\" content=\"summary_large_image\" \/>\n<meta name=\"twitter:label1\" content=\"Tiempo de lectura\" \/>\n\t<meta name=\"twitter:data1\" content=\"1 minuto\" \/>\n<script type=\"application\/ld+json\" class=\"yoast-schema-graph\">{\"@context\":\"https:\/\/schema.org\",\"@graph\":[{\"@type\":\"WebPage\",\"@id\":\"https:\/\/sonializana.com\/es\/educacion-para-la-salud\",\"url\":\"https:\/\/sonializana.com\/es\/educacion-para-la-salud\",\"name\":\"Educaci\u00f3n para la salud - Sonia Lizana\",\"isPartOf\":{\"@id\":\"https:\/\/sonializana.com\/#website\"},\"datePublished\":\"2024-04-05T12:44:21+00:00\",\"dateModified\":\"2024-06-14T15:45:12+00:00\",\"breadcrumb\":{\"@id\":\"https:\/\/sonializana.com\/es\/educacion-para-la-salud#breadcrumb\"},\"inLanguage\":\"es\",\"potentialAction\":[{\"@type\":\"ReadAction\",\"target\":[\"https:\/\/sonializana.com\/es\/educacion-para-la-salud\"]}]},{\"@type\":\"BreadcrumbList\",\"@id\":\"https:\/\/sonializana.com\/es\/educacion-para-la-salud#breadcrumb\",\"itemListElement\":[{\"@type\":\"ListItem\",\"position\":1,\"name\":\"Portada\",\"item\":\"https:\/\/sonializana.com\/es\"},{\"@type\":\"ListItem\",\"position\":2,\"name\":\"Educaci\u00f3n para la salud\"}]},{\"@type\":\"WebSite\",\"@id\":\"https:\/\/sonializana.com\/#website\",\"url\":\"https:\/\/sonializana.com\/\",\"name\":\"Sonia Lizana\",\"description\":\"\",\"potentialAction\":[{\"@type\":\"SearchAction\",\"target\":{\"@type\":\"EntryPoint\",\"urlTemplate\":\"https:\/\/sonializana.com\/?s={search_term_string}\"},\"query-input\":\"required name=search_term_string\"}],\"inLanguage\":\"es\"}]}<\/script>\n<!-- \/ Yoast SEO plugin. -->","yoast_head_json":{"title":"Educaci\u00f3n para la salud - Sonia Lizana","robots":{"index":"index","follow":"follow","max-snippet":"max-snippet:-1","max-image-preview":"max-image-preview:large","max-video-preview":"max-video-preview:-1"},"canonical":"https:\/\/sonializana.com\/es\/educacion-para-la-salud","og_locale":"es_ES","og_type":"article","og_title":"Educaci\u00f3n para la salud - Sonia Lizana","og_url":"https:\/\/sonializana.com\/es\/educacion-para-la-salud","og_site_name":"Sonia Lizana","article_modified_time":"2024-06-14T15:45:12+00:00","twitter_card":"summary_large_image","twitter_misc":{"Tiempo de lectura":"1 minuto"},"schema":{"@context":"https:\/\/schema.org","@graph":[{"@type":"WebPage","@id":"https:\/\/sonializana.com\/es\/educacion-para-la-salud","url":"https:\/\/sonializana.com\/es\/educacion-para-la-salud","name":"Educaci\u00f3n para la salud - Sonia Lizana","isPartOf":{"@id":"https:\/\/sonializana.com\/#website"},"datePublished":"2024-04-05T12:44:21+00:00","dateModified":"2024-06-14T15:45:12+00:00","breadcrumb":{"@id":"https:\/\/sonializana.com\/es\/educacion-para-la-salud#breadcrumb"},"inLanguage":"es","potentialAction":[{"@type":"ReadAction","target":["https:\/\/sonializana.com\/es\/educacion-para-la-salud"]}]},{"@type":"BreadcrumbList","@id":"https:\/\/sonializana.com\/es\/educacion-para-la-salud#breadcrumb","itemListElement":[{"@type":"ListItem","position":1,"name":"Portada","item":"https:\/\/sonializana.com\/es"},{"@type":"ListItem","position":2,"name":"Educaci\u00f3n para la salud"}]},{"@type":"WebSite","@id":"https:\/\/sonializana.com\/#website","url":"https:\/\/sonializana.com\/","name":"Sonia Lizana","description":"","potentialAction":[{"@type":"SearchAction","target":{"@type":"EntryPoint","urlTemplate":"https:\/\/sonializana.com\/?s={search_term_string}"},"query-input":"required name=search_term_string"}],"inLanguage":"es"}]}},"_links":{"self":[{"href":"https:\/\/sonializana.com\/es\/wp-json\/wp\/v2\/pages\/602","targetHints":{"allow":["GET"]}}],"collection":[{"href":"https:\/\/sonializana.com\/es\/wp-json\/wp\/v2\/pages"}],"about":[{"href":"https:\/\/sonializana.com\/es\/wp-json\/wp\/v2\/types\/page"}],"author":[{"embeddable":true,"href":"https:\/\/sonializana.com\/es\/wp-json\/wp\/v2\/users\/1"}],"replies":[{"embeddable":true,"href":"https:\/\/sonializana.com\/es\/wp-json\/wp\/v2\/comments?post=602"}],"version-history":[{"count":17,"href":"https:\/\/sonializana.com\/es\/wp-json\/wp\/v2\/pages\/602\/revisions"}],"predecessor-version":[{"id":866,"href":"https:\/\/sonializana.com\/es\/wp-json\/wp\/v2\/pages\/602\/revisions\/866"}],"wp:attachment":[{"href":"https:\/\/sonializana.com\/es\/wp-json\/wp\/v2\/media?parent=602"}],"curies":[{"name":"wp","href":"https:\/\/api.w.org\/{rel}","templated":true}]}}